{"id":254,"date":"2022-04-09T09:52:19","date_gmt":"2022-04-09T07:52:19","guid":{"rendered":"https:\/\/www.encaissement-act.com\/?page_id=254"},"modified":"2022-05-27T15:02:18","modified_gmt":"2022-05-27T13:02:18","slug":"cafe-brasserie-restauration-rapide-snack","status":"publish","type":"page","link":"https:\/\/www.encaissement-act.com\/index.php\/cafe-brasserie-restauration-rapide-snack\/","title":{"rendered":"Caf\u00e9 &#8211; Brasserie &#8211; Restaurant &#8211; Snack"},"content":{"rendered":"\t\t<div data-elementor-type=\"wp-page\" data-elementor-id=\"254\" class=\"elementor elementor-254\" data-elementor-post-type=\"page\">\n\t\t\t\t\t\t<section class=\"elementor-section elementor-top-section elementor-element elementor-element-e0c252d elementor-section-height-min-height elementor-section-boxed elementor-section-height-default elementor-section-items-middle\" data-id=\"e0c252d\" data-element_type=\"section\" data-settings=\"{&quot;background_background&quot;:&quot;slideshow&quot;,&quot;background_slideshow_gallery&quot;:[{&quot;id&quot;:600,&quot;url&quot;:&quot;https:\\\/\\\/www.encaissement-act.com\\\/wp-content\\\/uploads\\\/2022\\\/04\\\/restaurant.jpg&quot;}],&quot;background_slideshow_loop&quot;:&quot;yes&quot;,&quot;background_slideshow_slide_duration&quot;:5000,&quot;background_slideshow_slide_transition&quot;:&quot;fade&quot;,&quot;background_slideshow_transition_duration&quot;:500}\">\n\t\t\t\t\t\t<div class=\"elementor-container elementor-column-gap-default\">\n\t\t\t\t\t<div class=\"elementor-column elementor-col-100 elementor-top-column elementor-element elementor-element-d327db5\" data-id=\"d327db5\" data-element_type=\"column\" data-settings=\"{&quot;background_background&quot;:&quot;classic&quot;}\">\n\t\t\t<div class=\"elementor-widget-wrap elementor-element-populated\">\n\t\t\t\t\t\t<div class=\"elementor-element elementor-element-31e4440 elementor-widget elementor-widget-heading\" data-id=\"31e4440\" data-element_type=\"widget\" data-widget_type=\"heading.default\">\n\t\t\t\t<div class=\"elementor-widget-container\">\n\t\t\t\t\t<h1 class=\"elementor-heading-title elementor-size-default\">Caf\u00e9 - brasserie - restaurant - snack<\/h1>\t\t\t\t<\/div>\n\t\t\t\t<\/div>\n\t\t\t\t\t<\/div>\n\t\t<\/div>\n\t\t\t\t\t<\/div>\n\t\t<\/section>\n\t\t\t\t<section class=\"elementor-section elementor-top-section elementor-element elementor-element-0b4ce54 elementor-section-boxed elementor-section-height-default elementor-section-height-default\" data-id=\"0b4ce54\" data-element_type=\"section\">\n\t\t\t\t\t\t<div class=\"elementor-container elementor-column-gap-default\">\n\t\t\t\t\t<div class=\"elementor-column elementor-col-100 elementor-top-column elementor-element elementor-element-d80f729\" data-id=\"d80f729\" data-element_type=\"column\">\n\t\t\t<div class=\"elementor-widget-wrap elementor-element-populated\">\n\t\t\t\t\t\t<div class=\"elementor-element elementor-element-a89baaf elementor-widget elementor-widget-text-editor\" data-id=\"a89baaf\" data-element_type=\"widget\" data-widget_type=\"text-editor.default\">\n\t\t\t\t<div class=\"elementor-widget-container\">\n\t\t\t\t\t\t\t\t\t<p>Votre secteur de la restauration rapide s\u2019est consid\u00e9rablement d\u00e9velopp\u00e9 ces derni\u00e8res ann\u00e9es et ne cesse d\u2019\u00e9voluer (vente \u00e0 emporter, services de livraison, food trucks\u2026)<\/p><p>Notre \u00e9quipe d\u2019expert sera \u00e0 vos c\u00f4t\u00e9s pour vous informer et vous accompagner sur la solution la mieux adapt\u00e9e pour votre activit\u00e9.<\/p>\t\t\t\t\t\t\t\t<\/div>\n\t\t\t\t<\/div>\n\t\t\t\t\t<\/div>\n\t\t<\/div>\n\t\t\t\t\t<\/div>\n\t\t<\/section>\n\t\t\t\t<section class=\"elementor-section elementor-top-section elementor-element elementor-element-ed11fa4 elementor-section-boxed elementor-section-height-default elementor-section-height-default\" data-id=\"ed11fa4\" data-element_type=\"section\">\n\t\t\t\t\t\t<div class=\"elementor-container elementor-column-gap-default\">\n\t\t\t\t\t<div class=\"elementor-column elementor-col-50 elementor-top-column elementor-element elementor-element-bcd7eb9\" data-id=\"bcd7eb9\" data-element_type=\"column\">\n\t\t\t<div class=\"elementor-widget-wrap elementor-element-populated\">\n\t\t\t\t\t\t<div class=\"elementor-element elementor-element-b26555c elementor-widget elementor-widget-heading\" data-id=\"b26555c\" data-element_type=\"widget\" data-widget_type=\"heading.default\">\n\t\t\t\t<div class=\"elementor-widget-container\">\n\t\t\t\t\t<h2 class=\"elementor-heading-title elementor-size-default\">Moderne, convivial &amp; connect\u00e9<\/h2>\t\t\t\t<\/div>\n\t\t\t\t<\/div>\n\t\t\t\t<div class=\"elementor-element elementor-element-70178af elementor-widget-divider--view-line elementor-invisible elementor-widget elementor-widget-divider\" data-id=\"70178af\" data-element_type=\"widget\" data-settings=\"{&quot;_animation&quot;:&quot;fadeInLeft&quot;,&quot;_animation_delay&quot;:0}\" data-widget_type=\"divider.default\">\n\t\t\t\t<div class=\"elementor-widget-container\">\n\t\t\t\t\t\t\t<div class=\"elementor-divider\">\n\t\t\t<span class=\"elementor-divider-separator\">\n\t\t\t\t\t\t<\/span>\n\t\t<\/div>\n\t\t\t\t\t\t<\/div>\n\t\t\t\t<\/div>\n\t\t\t\t<div class=\"elementor-element elementor-element-0c20d79 elementor-widget elementor-widget-image\" data-id=\"0c20d79\" data-element_type=\"widget\" data-widget_type=\"image.default\">\n\t\t\t\t<div class=\"elementor-widget-container\">\n\t\t\t\t\t\t\t\t\t\t\t\t\t\t\t<img fetchpriority=\"high\" decoding=\"async\" width=\"1024\" height=\"438\" src=\"https:\/\/www.encaissement-act.com\/wp-content\/uploads\/2022\/04\/logiciel-carre-POS-1024x438.png\" class=\"attachment-large size-large wp-image-758\" alt=\"\" srcset=\"https:\/\/www.encaissement-act.com\/wp-content\/uploads\/2022\/04\/logiciel-carre-POS-1024x438.png 1024w, https:\/\/www.encaissement-act.com\/wp-content\/uploads\/2022\/04\/logiciel-carre-POS-300x128.png 300w, https:\/\/www.encaissement-act.com\/wp-content\/uploads\/2022\/04\/logiciel-carre-POS-768x329.png 768w, https:\/\/www.encaissement-act.com\/wp-content\/uploads\/2022\/04\/logiciel-carre-POS.png 1253w\" sizes=\"(max-width: 1024px) 100vw, 1024px\" \/>\t\t\t\t\t\t\t\t\t\t\t\t\t\t\t<\/div>\n\t\t\t\t<\/div>\n\t\t\t\t\t<\/div>\n\t\t<\/div>\n\t\t\t\t<div class=\"elementor-column elementor-col-50 elementor-top-column elementor-element elementor-element-bb3c7d8\" data-id=\"bb3c7d8\" data-element_type=\"column\">\n\t\t\t<div class=\"elementor-widget-wrap elementor-element-populated\">\n\t\t\t\t\t\t<div class=\"elementor-element elementor-element-4c03e5f elementor-widget elementor-widget-text-editor\" data-id=\"4c03e5f\" data-element_type=\"widget\" data-widget_type=\"text-editor.default\">\n\t\t\t\t<div class=\"elementor-widget-container\">\n\t\t\t\t\t\t\t\t\t<p>Le logiciel CARRE POS est sp\u00e9cialis\u00e9 pour les m\u00e9tiers de bouche, les restaurateurs et les petits commerces.<\/p><p>Expert du logiciel CARRE POS, nous r\u00e9pondrons \u00e0 toutes vos demandes.<\/p><p>Carr\u00e9 POS est un logiciel de gestion de l&rsquo;encaissement certifi\u00e9 NF 525 par Infocert un organisme ind\u00e9pendant sp\u00e9cialis\u00e9 dans la certification de logiciels.<\/p>\t\t\t\t\t\t\t\t<\/div>\n\t\t\t\t<\/div>\n\t\t\t\t<div class=\"elementor-element elementor-element-cece416 elementor-align-left elementor-mobile-align-center elementor-invisible elementor-widget elementor-widget-button\" data-id=\"cece416\" data-element_type=\"widget\" data-settings=\"{&quot;motion_fx_motion_fx_scrolling&quot;:&quot;yes&quot;,&quot;motion_fx_devices&quot;:[&quot;desktop&quot;,&quot;mobile&quot;],&quot;_animation&quot;:&quot;pulse&quot;,&quot;_animation_delay&quot;:600}\" data-widget_type=\"button.default\">\n\t\t\t\t<div class=\"elementor-widget-container\">\n\t\t\t\t\t\t\t\t\t<div class=\"elementor-button-wrapper\">\n\t\t\t\t\t<a class=\"elementor-button elementor-button-link elementor-size-sm elementor-animation-float\" href=\"https:\/\/www.encaissement-act.com\/index.php\/contact\/\">\n\t\t\t\t\t\t<span class=\"elementor-button-content-wrapper\">\n\t\t\t\t\t\t\t\t\t<span class=\"elementor-button-text\">Demander un devis<\/span>\n\t\t\t\t\t<\/span>\n\t\t\t\t\t<\/a>\n\t\t\t\t<\/div>\n\t\t\t\t\t\t\t\t<\/div>\n\t\t\t\t<\/div>\n\t\t\t\t\t<\/div>\n\t\t<\/div>\n\t\t\t\t\t<\/div>\n\t\t<\/section>\n\t\t\t\t<section class=\"elementor-section elementor-top-section elementor-element elementor-element-98a0e60 elementor-section-boxed elementor-section-height-default elementor-section-height-default\" data-id=\"98a0e60\" data-element_type=\"section\">\n\t\t\t\t\t\t<div class=\"elementor-container elementor-column-gap-default\">\n\t\t\t\t\t<div class=\"elementor-column elementor-col-100 elementor-top-column elementor-element elementor-element-6597761\" data-id=\"6597761\" data-element_type=\"column\">\n\t\t\t<div class=\"elementor-widget-wrap elementor-element-populated\">\n\t\t\t\t\t\t<div class=\"elementor-element elementor-element-d0c546d elementor-widget elementor-widget-image\" data-id=\"d0c546d\" data-element_type=\"widget\" data-widget_type=\"image.default\">\n\t\t\t\t<div class=\"elementor-widget-container\">\n\t\t\t\t\t\t\t\t\t\t\t\t\t\t\t\t<a href=\"https:\/\/www.encaissement-act.com\/wp-content\/uploads\/2022\/05\/Carre-Pos-Hotellerie.jpg\" data-elementor-open-lightbox=\"yes\" data-elementor-lightbox-title=\"Carr\u00e9-Pos-Hotellerie\" data-e-action-hash=\"#elementor-action%3Aaction%3Dlightbox%26settings%3DeyJpZCI6MTA1MywidXJsIjoiaHR0cHM6XC9cL3d3dy5lbmNhaXNzZW1lbnQtYWN0LmNvbVwvd3AtY29udGVudFwvdXBsb2Fkc1wvMjAyMlwvMDVcL0NhcnJlLVBvcy1Ib3RlbGxlcmllLmpwZyJ9\">\n\t\t\t\t\t\t\t<img decoding=\"async\" width=\"1500\" height=\"1868\" src=\"https:\/\/www.encaissement-act.com\/wp-content\/uploads\/2022\/05\/Carre-Pos-Hotellerie.jpg\" class=\"attachment-full size-full wp-image-1053\" alt=\"\" srcset=\"https:\/\/www.encaissement-act.com\/wp-content\/uploads\/2022\/05\/Carre-Pos-Hotellerie.jpg 1500w, https:\/\/www.encaissement-act.com\/wp-content\/uploads\/2022\/05\/Carre-Pos-Hotellerie-241x300.jpg 241w, https:\/\/www.encaissement-act.com\/wp-content\/uploads\/2022\/05\/Carre-Pos-Hotellerie-822x1024.jpg 822w, https:\/\/www.encaissement-act.com\/wp-content\/uploads\/2022\/05\/Carre-Pos-Hotellerie-768x956.jpg 768w, https:\/\/www.encaissement-act.com\/wp-content\/uploads\/2022\/05\/Carre-Pos-Hotellerie-1233x1536.jpg 1233w\" sizes=\"(max-width: 1500px) 100vw, 1500px\" \/>\t\t\t\t\t\t\t\t<\/a>\n\t\t\t\t\t\t\t\t\t\t\t\t\t\t\t<\/div>\n\t\t\t\t<\/div>\n\t\t\t\t\t<\/div>\n\t\t<\/div>\n\t\t\t\t\t<\/div>\n\t\t<\/section>\n\t\t\t\t<section class=\"elementor-section elementor-top-section elementor-element elementor-element-bc56792 elementor-section-boxed elementor-section-height-default elementor-section-height-default\" data-id=\"bc56792\" data-element_type=\"section\">\n\t\t\t\t\t\t<div class=\"elementor-container elementor-column-gap-default\">\n\t\t\t\t\t<div class=\"elementor-column elementor-col-100 elementor-top-column elementor-element elementor-element-946715c\" data-id=\"946715c\" data-element_type=\"column\">\n\t\t\t<div class=\"elementor-widget-wrap elementor-element-populated\">\n\t\t\t\t\t\t<div class=\"elementor-element elementor-element-9de4596 elementor-widget-divider--view-line elementor-widget elementor-widget-divider\" data-id=\"9de4596\" data-element_type=\"widget\" data-widget_type=\"divider.default\">\n\t\t\t\t<div class=\"elementor-widget-container\">\n\t\t\t\t\t\t\t<div class=\"elementor-divider\">\n\t\t\t<span class=\"elementor-divider-separator\">\n\t\t\t\t\t\t<\/span>\n\t\t<\/div>\n\t\t\t\t\t\t<\/div>\n\t\t\t\t<\/div>\n\t\t\t\t<div class=\"elementor-element elementor-element-cfd0938 elementor-widget elementor-widget-heading\" data-id=\"cfd0938\" data-element_type=\"widget\" data-widget_type=\"heading.default\">\n\t\t\t\t<div class=\"elementor-widget-container\">\n\t\t\t\t\t<h3 class=\"elementor-heading-title elementor-size-default\">E-commerce<\/h3>\t\t\t\t<\/div>\n\t\t\t\t<\/div>\n\t\t\t\t<div class=\"elementor-element elementor-element-64bc786 elementor-widget elementor-widget-text-editor\" data-id=\"64bc786\" data-element_type=\"widget\" data-widget_type=\"text-editor.default\">\n\t\t\t\t<div class=\"elementor-widget-container\">\n\t\t\t\t\t\t\t\t\t<p>Gr\u00e2ce \u00e0 un module d\u2019extension sp\u00e9cifique \u00e0 votre logiciel de caisse, vous aurez une solution mixte alliant la vente physique en boutique et la vente en ligne depuis votre site e-commerce.<\/p>\t\t\t\t\t\t\t\t<\/div>\n\t\t\t\t<\/div>\n\t\t\t\t\t<\/div>\n\t\t<\/div>\n\t\t\t\t\t<\/div>\n\t\t<\/section>\n\t\t\t\t<\/div>\n\t\t","protected":false},"excerpt":{"rendered":"<p>Caf\u00e9 &#8211; brasserie &#8211; restaurant &#8211; snack Votre secteur de la restauration rapide s\u2019est consid\u00e9rablement d\u00e9velopp\u00e9 ces derni\u00e8res ann\u00e9es et ne cesse d\u2019\u00e9voluer (vente \u00e0 emporter, services de livraison, food trucks\u2026) Notre \u00e9quipe d\u2019expert sera \u00e0 vos c\u00f4t\u00e9s pour vous informer et vous accompagner sur la solution la mieux adapt\u00e9e pour votre activit\u00e9. Moderne, convivial [&hellip;]<\/p>\n","protected":false},"author":1,"featured_media":0,"parent":0,"menu_order":0,"comment_status":"closed","ping_status":"closed","template":"","meta":{"_monsterinsights_skip_tracking":false,"_monsterinsights_sitenote_active":false,"_monsterinsights_sitenote_note":"","_monsterinsights_sitenote_category":0,"ocean_post_layout":"full-screen","ocean_both_sidebars_style":"","ocean_both_sidebars_content_width":0,"ocean_both_sidebars_sidebars_width":0,"ocean_sidebar":"0","ocean_second_sidebar":"0","ocean_disable_margins":"enable","ocean_add_body_class":"","ocean_shortcode_before_top_bar":"","ocean_shortcode_after_top_bar":"","ocean_shortcode_before_header":"","ocean_shortcode_after_header":"","ocean_has_shortcode":"","ocean_shortcode_after_title":"","ocean_shortcode_before_footer_widgets":"","ocean_shortcode_after_footer_widgets":"","ocean_shortcode_before_footer_bottom":"","ocean_shortcode_after_footer_bottom":"","ocean_display_top_bar":"default","ocean_display_header":"default","ocean_header_style":"","ocean_center_header_left_menu":"0","ocean_custom_header_template":"0","ocean_custom_logo":0,"ocean_custom_retina_logo":0,"ocean_custom_logo_max_width":0,"ocean_custom_logo_tablet_max_width":0,"ocean_custom_logo_mobile_max_width":0,"ocean_custom_logo_max_height":0,"ocean_custom_logo_tablet_max_height":0,"ocean_custom_logo_mobile_max_height":0,"ocean_header_custom_menu":"0","ocean_menu_typo_font_family":"0","ocean_menu_typo_font_subset":"","ocean_menu_typo_font_size":0,"ocean_menu_typo_font_size_tablet":0,"ocean_menu_typo_font_size_mobile":0,"ocean_menu_typo_font_size_unit":"px","ocean_menu_typo_font_weight":"","ocean_menu_typo_font_weight_tablet":"","ocean_menu_typo_font_weight_mobile":"","ocean_menu_typo_transform":"","ocean_menu_typo_transform_tablet":"","ocean_menu_typo_transform_mobile":"","ocean_menu_typo_line_height":0,"ocean_menu_typo_line_height_tablet":0,"ocean_menu_typo_line_height_mobile":0,"ocean_menu_typo_line_height_unit":"","ocean_menu_typo_spacing":0,"ocean_menu_typo_spacing_tablet":0,"ocean_menu_typo_spacing_mobile":0,"ocean_menu_typo_spacing_unit":"","ocean_menu_link_color":"","ocean_menu_link_color_hover":"","ocean_menu_link_color_active":"","ocean_menu_link_background":"","ocean_menu_link_hover_background":"","ocean_menu_link_active_background":"","ocean_menu_social_links_bg":"","ocean_menu_social_hover_links_bg":"","ocean_menu_social_links_color":"","ocean_menu_social_hover_links_color":"","ocean_disable_title":"on","ocean_disable_heading":"default","ocean_post_title":"","ocean_post_subheading":"","ocean_post_title_style":"","ocean_post_title_background_color":"","ocean_post_title_background":0,"ocean_post_title_bg_image_position":"","ocean_post_title_bg_image_attachment":"","ocean_post_title_bg_image_repeat":"","ocean_post_title_bg_image_size":"","ocean_post_title_height":0,"ocean_post_title_bg_overlay":0.5,"ocean_post_title_bg_overlay_color":"","ocean_disable_breadcrumbs":"default","ocean_breadcrumbs_color":"","ocean_breadcrumbs_separator_color":"","ocean_breadcrumbs_links_color":"","ocean_breadcrumbs_links_hover_color":"","ocean_display_footer_widgets":"default","ocean_display_footer_bottom":"default","ocean_custom_footer_template":"0","footnotes":""},"class_list":["post-254","page","type-page","status-publish","hentry","entry"],"yoast_head":"<!-- This site is optimized with the Yoast SEO plugin v24.3 - https:\/\/yoast.com\/wordpress\/plugins\/seo\/ -->\n<title>Caf\u00e9 - Brasserie - Restaurant - Snack - ACT encaissement<\/title>\n<meta name=\"robots\" content=\"index, follow, max-snippet:-1, max-image-preview:large, max-video-preview:-1\" \/>\n<link rel=\"canonical\" href=\"https:\/\/www.encaissement-act.com\/index.php\/cafe-brasserie-restauration-rapide-snack\/\" \/>\n<meta property=\"og:locale\" content=\"fr_FR\" \/>\n<meta property=\"og:type\" content=\"article\" \/>\n<meta property=\"og:title\" content=\"Caf\u00e9 - Brasserie - Restaurant - Snack - ACT encaissement\" \/>\n<meta property=\"og:description\" content=\"Caf\u00e9 &#8211; brasserie &#8211; restaurant &#8211; snack Votre secteur de la restauration rapide s\u2019est consid\u00e9rablement d\u00e9velopp\u00e9 ces derni\u00e8res ann\u00e9es et ne cesse d\u2019\u00e9voluer (vente \u00e0 emporter, services de livraison, food trucks\u2026) Notre \u00e9quipe d\u2019expert sera \u00e0 vos c\u00f4t\u00e9s pour vous informer et vous accompagner sur la solution la mieux adapt\u00e9e pour votre activit\u00e9. Moderne, convivial [&hellip;]\" \/>\n<meta property=\"og:url\" content=\"https:\/\/www.encaissement-act.com\/index.php\/cafe-brasserie-restauration-rapide-snack\/\" \/>\n<meta property=\"og:site_name\" content=\"ACT encaissement\" \/>\n<meta property=\"article:publisher\" content=\"https:\/\/www.facebook.com\/ACT12000\" \/>\n<meta property=\"article:modified_time\" content=\"2022-05-27T13:02:18+00:00\" \/>\n<meta property=\"og:image\" content=\"https:\/\/www.encaissement-act.com\/wp-content\/uploads\/2022\/04\/logiciel-carre-POS-1024x438.png\" \/>\n<meta name=\"twitter:card\" content=\"summary_large_image\" \/>\n<meta name=\"twitter:label1\" content=\"Dur\u00e9e de lecture estim\u00e9e\" \/>\n\t<meta name=\"twitter:data1\" content=\"2 minutes\" \/>\n<script type=\"application\/ld+json\" class=\"yoast-schema-graph\">{\"@context\":\"https:\/\/schema.org\",\"@graph\":[{\"@type\":\"WebPage\",\"@id\":\"https:\/\/www.encaissement-act.com\/index.php\/cafe-brasserie-restauration-rapide-snack\/\",\"url\":\"https:\/\/www.encaissement-act.com\/index.php\/cafe-brasserie-restauration-rapide-snack\/\",\"name\":\"Caf\u00e9 - Brasserie - Restaurant - Snack - ACT encaissement\",\"isPartOf\":{\"@id\":\"https:\/\/www.encaissement-act.com\/#website\"},\"primaryImageOfPage\":{\"@id\":\"https:\/\/www.encaissement-act.com\/index.php\/cafe-brasserie-restauration-rapide-snack\/#primaryimage\"},\"image\":{\"@id\":\"https:\/\/www.encaissement-act.com\/index.php\/cafe-brasserie-restauration-rapide-snack\/#primaryimage\"},\"thumbnailUrl\":\"https:\/\/www.encaissement-act.com\/wp-content\/uploads\/2022\/04\/logiciel-carre-POS-1024x438.png\",\"datePublished\":\"2022-04-09T07:52:19+00:00\",\"dateModified\":\"2022-05-27T13:02:18+00:00\",\"breadcrumb\":{\"@id\":\"https:\/\/www.encaissement-act.com\/index.php\/cafe-brasserie-restauration-rapide-snack\/#breadcrumb\"},\"inLanguage\":\"fr-FR\",\"potentialAction\":[{\"@type\":\"ReadAction\",\"target\":[\"https:\/\/www.encaissement-act.com\/index.php\/cafe-brasserie-restauration-rapide-snack\/\"]}]},{\"@type\":\"ImageObject\",\"inLanguage\":\"fr-FR\",\"@id\":\"https:\/\/www.encaissement-act.com\/index.php\/cafe-brasserie-restauration-rapide-snack\/#primaryimage\",\"url\":\"https:\/\/www.encaissement-act.com\/wp-content\/uploads\/2022\/04\/logiciel-carre-POS.png\",\"contentUrl\":\"https:\/\/www.encaissement-act.com\/wp-content\/uploads\/2022\/04\/logiciel-carre-POS.png\",\"width\":1253,\"height\":536},{\"@type\":\"BreadcrumbList\",\"@id\":\"https:\/\/www.encaissement-act.com\/index.php\/cafe-brasserie-restauration-rapide-snack\/#breadcrumb\",\"itemListElement\":[{\"@type\":\"ListItem\",\"position\":1,\"name\":\"Accueil\",\"item\":\"https:\/\/www.encaissement-act.com\/\"},{\"@type\":\"ListItem\",\"position\":2,\"name\":\"Caf\u00e9 &#8211; Brasserie &#8211; Restaurant &#8211; Snack\"}]},{\"@type\":\"WebSite\",\"@id\":\"https:\/\/www.encaissement-act.com\/#website\",\"url\":\"https:\/\/www.encaissement-act.com\/\",\"name\":\"ACT encaissement\",\"description\":\"Le sp\u00e9cialiste de l&#039;encaissement\",\"publisher\":{\"@id\":\"https:\/\/www.encaissement-act.com\/#organization\"},\"potentialAction\":[{\"@type\":\"SearchAction\",\"target\":{\"@type\":\"EntryPoint\",\"urlTemplate\":\"https:\/\/www.encaissement-act.com\/?s={search_term_string}\"},\"query-input\":{\"@type\":\"PropertyValueSpecification\",\"valueRequired\":true,\"valueName\":\"search_term_string\"}}],\"inLanguage\":\"fr-FR\"},{\"@type\":\"Organization\",\"@id\":\"https:\/\/www.encaissement-act.com\/#organization\",\"name\":\"ACT encaissement\",\"url\":\"https:\/\/www.encaissement-act.com\/\",\"logo\":{\"@type\":\"ImageObject\",\"inLanguage\":\"fr-FR\",\"@id\":\"https:\/\/www.encaissement-act.com\/#\/schema\/logo\/image\/\",\"url\":\"https:\/\/www.encaissement-act.com\/wp-content\/uploads\/2022\/04\/logo_act_encaissementx2.png\",\"contentUrl\":\"https:\/\/www.encaissement-act.com\/wp-content\/uploads\/2022\/04\/logo_act_encaissementx2.png\",\"width\":1000,\"height\":501,\"caption\":\"ACT encaissement\"},\"image\":{\"@id\":\"https:\/\/www.encaissement-act.com\/#\/schema\/logo\/image\/\"},\"sameAs\":[\"https:\/\/www.facebook.com\/ACT12000\",\"https:\/\/www.instagram.com\/actpesage\/\",\"https:\/\/www.linkedin.com\/company\/28543556\/admin\/\"]}]}<\/script>\n<!-- \/ Yoast SEO plugin. -->","yoast_head_json":{"title":"Caf\u00e9 - Brasserie - Restaurant - Snack - ACT encaissement","robots":{"index":"index","follow":"follow","max-snippet":"max-snippet:-1","max-image-preview":"max-image-preview:large","max-video-preview":"max-video-preview:-1"},"canonical":"https:\/\/www.encaissement-act.com\/index.php\/cafe-brasserie-restauration-rapide-snack\/","og_locale":"fr_FR","og_type":"article","og_title":"Caf\u00e9 - Brasserie - Restaurant - Snack - ACT encaissement","og_description":"Caf\u00e9 &#8211; brasserie &#8211; restaurant &#8211; snack Votre secteur de la restauration rapide s\u2019est consid\u00e9rablement d\u00e9velopp\u00e9 ces derni\u00e8res ann\u00e9es et ne cesse d\u2019\u00e9voluer (vente \u00e0 emporter, services de livraison, food trucks\u2026) Notre \u00e9quipe d\u2019expert sera \u00e0 vos c\u00f4t\u00e9s pour vous informer et vous accompagner sur la solution la mieux adapt\u00e9e pour votre activit\u00e9. Moderne, convivial [&hellip;]","og_url":"https:\/\/www.encaissement-act.com\/index.php\/cafe-brasserie-restauration-rapide-snack\/","og_site_name":"ACT encaissement","article_publisher":"https:\/\/www.facebook.com\/ACT12000","article_modified_time":"2022-05-27T13:02:18+00:00","og_image":[{"url":"https:\/\/www.encaissement-act.com\/wp-content\/uploads\/2022\/04\/logiciel-carre-POS-1024x438.png","type":"","width":"","height":""}],"twitter_card":"summary_large_image","twitter_misc":{"Dur\u00e9e de lecture estim\u00e9e":"2 minutes"},"schema":{"@context":"https:\/\/schema.org","@graph":[{"@type":"WebPage","@id":"https:\/\/www.encaissement-act.com\/index.php\/cafe-brasserie-restauration-rapide-snack\/","url":"https:\/\/www.encaissement-act.com\/index.php\/cafe-brasserie-restauration-rapide-snack\/","name":"Caf\u00e9 - Brasserie - Restaurant - Snack - ACT encaissement","isPartOf":{"@id":"https:\/\/www.encaissement-act.com\/#website"},"primaryImageOfPage":{"@id":"https:\/\/www.encaissement-act.com\/index.php\/cafe-brasserie-restauration-rapide-snack\/#primaryimage"},"image":{"@id":"https:\/\/www.encaissement-act.com\/index.php\/cafe-brasserie-restauration-rapide-snack\/#primaryimage"},"thumbnailUrl":"https:\/\/www.encaissement-act.com\/wp-content\/uploads\/2022\/04\/logiciel-carre-POS-1024x438.png","datePublished":"2022-04-09T07:52:19+00:00","dateModified":"2022-05-27T13:02:18+00:00","breadcrumb":{"@id":"https:\/\/www.encaissement-act.com\/index.php\/cafe-brasserie-restauration-rapide-snack\/#breadcrumb"},"inLanguage":"fr-FR","potentialAction":[{"@type":"ReadAction","target":["https:\/\/www.encaissement-act.com\/index.php\/cafe-brasserie-restauration-rapide-snack\/"]}]},{"@type":"ImageObject","inLanguage":"fr-FR","@id":"https:\/\/www.encaissement-act.com\/index.php\/cafe-brasserie-restauration-rapide-snack\/#primaryimage","url":"https:\/\/www.encaissement-act.com\/wp-content\/uploads\/2022\/04\/logiciel-carre-POS.png","contentUrl":"https:\/\/www.encaissement-act.com\/wp-content\/uploads\/2022\/04\/logiciel-carre-POS.png","width":1253,"height":536},{"@type":"BreadcrumbList","@id":"https:\/\/www.encaissement-act.com\/index.php\/cafe-brasserie-restauration-rapide-snack\/#breadcrumb","itemListElement":[{"@type":"ListItem","position":1,"name":"Accueil","item":"https:\/\/www.encaissement-act.com\/"},{"@type":"ListItem","position":2,"name":"Caf\u00e9 &#8211; Brasserie &#8211; Restaurant &#8211; Snack"}]},{"@type":"WebSite","@id":"https:\/\/www.encaissement-act.com\/#website","url":"https:\/\/www.encaissement-act.com\/","name":"ACT encaissement","description":"Le sp\u00e9cialiste de l&#039;encaissement","publisher":{"@id":"https:\/\/www.encaissement-act.com\/#organization"},"potentialAction":[{"@type":"SearchAction","target":{"@type":"EntryPoint","urlTemplate":"https:\/\/www.encaissement-act.com\/?s={search_term_string}"},"query-input":{"@type":"PropertyValueSpecification","valueRequired":true,"valueName":"search_term_string"}}],"inLanguage":"fr-FR"},{"@type":"Organization","@id":"https:\/\/www.encaissement-act.com\/#organization","name":"ACT encaissement","url":"https:\/\/www.encaissement-act.com\/","logo":{"@type":"ImageObject","inLanguage":"fr-FR","@id":"https:\/\/www.encaissement-act.com\/#\/schema\/logo\/image\/","url":"https:\/\/www.encaissement-act.com\/wp-content\/uploads\/2022\/04\/logo_act_encaissementx2.png","contentUrl":"https:\/\/www.encaissement-act.com\/wp-content\/uploads\/2022\/04\/logo_act_encaissementx2.png","width":1000,"height":501,"caption":"ACT encaissement"},"image":{"@id":"https:\/\/www.encaissement-act.com\/#\/schema\/logo\/image\/"},"sameAs":["https:\/\/www.facebook.com\/ACT12000","https:\/\/www.instagram.com\/actpesage\/","https:\/\/www.linkedin.com\/company\/28543556\/admin\/"]}]}},"_links":{"self":[{"href":"https:\/\/www.encaissement-act.com\/index.php\/wp-json\/wp\/v2\/pages\/254","targetHints":{"allow":["GET"]}}],"collection":[{"href":"https:\/\/www.encaissement-act.com\/index.php\/wp-json\/wp\/v2\/pages"}],"about":[{"href":"https:\/\/www.encaissement-act.com\/index.php\/wp-json\/wp\/v2\/types\/page"}],"author":[{"embeddable":true,"href":"https:\/\/www.encaissement-act.com\/index.php\/wp-json\/wp\/v2\/users\/1"}],"replies":[{"embeddable":true,"href":"https:\/\/www.encaissement-act.com\/index.php\/wp-json\/wp\/v2\/comments?post=254"}],"version-history":[{"count":22,"href":"https:\/\/www.encaissement-act.com\/index.php\/wp-json\/wp\/v2\/pages\/254\/revisions"}],"predecessor-version":[{"id":1436,"href":"https:\/\/www.encaissement-act.com\/index.php\/wp-json\/wp\/v2\/pages\/254\/revisions\/1436"}],"wp:attachment":[{"href":"https:\/\/www.encaissement-act.com\/index.php\/wp-json\/wp\/v2\/media?parent=254"}],"curies":[{"name":"wp","href":"https:\/\/api.w.org\/{rel}","templated":true}]}}