{"id":242,"date":"2022-04-09T09:47:22","date_gmt":"2022-04-09T07:47:22","guid":{"rendered":"https:\/\/www.encaissement-act.com\/?page_id=242"},"modified":"2022-05-27T14:56:09","modified_gmt":"2022-05-27T12:56:09","slug":"telemaintenance","status":"publish","type":"page","link":"https:\/\/www.encaissement-act.com\/index.php\/telemaintenance\/","title":{"rendered":"T\u00e9l\u00e9maintenance"},"content":{"rendered":"\t\t<div data-elementor-type=\"wp-page\" data-elementor-id=\"242\" class=\"elementor elementor-242\" data-elementor-post-type=\"page\">\n\t\t\t\t\t\t<section class=\"elementor-section elementor-top-section elementor-element elementor-element-7b25ef8 elementor-section-height-min-height elementor-section-boxed elementor-section-height-default elementor-section-items-middle\" data-id=\"7b25ef8\" data-element_type=\"section\" data-settings=\"{&quot;background_background&quot;:&quot;slideshow&quot;,&quot;background_slideshow_gallery&quot;:[{&quot;id&quot;:361,&quot;url&quot;:&quot;https:\\\/\\\/www.encaissement-act.com\\\/wp-content\\\/uploads\\\/2022\\\/04\\\/telemaintenance_banniere.jpg&quot;}],&quot;background_slideshow_loop&quot;:&quot;yes&quot;,&quot;background_slideshow_slide_duration&quot;:5000,&quot;background_slideshow_slide_transition&quot;:&quot;fade&quot;,&quot;background_slideshow_transition_duration&quot;:500}\">\n\t\t\t\t\t\t<div class=\"elementor-container elementor-column-gap-default\">\n\t\t\t\t\t<div class=\"elementor-column elementor-col-100 elementor-top-column elementor-element elementor-element-162347a\" data-id=\"162347a\" data-element_type=\"column\" data-settings=\"{&quot;background_background&quot;:&quot;classic&quot;}\">\n\t\t\t<div class=\"elementor-widget-wrap elementor-element-populated\">\n\t\t\t\t\t\t<div class=\"elementor-element elementor-element-83f539d elementor-widget elementor-widget-heading\" data-id=\"83f539d\" data-element_type=\"widget\" data-widget_type=\"heading.default\">\n\t\t\t\t<div class=\"elementor-widget-container\">\n\t\t\t\t\t<h1 class=\"elementor-heading-title elementor-size-default\">T\u00e9l\u00e9maintenance<\/h1>\t\t\t\t<\/div>\n\t\t\t\t<\/div>\n\t\t\t\t\t<\/div>\n\t\t<\/div>\n\t\t\t\t\t<\/div>\n\t\t<\/section>\n\t\t\t\t<section class=\"elementor-section elementor-top-section elementor-element elementor-element-1540e6a elementor-section-boxed elementor-section-height-default elementor-section-height-default\" data-id=\"1540e6a\" data-element_type=\"section\">\n\t\t\t\t\t\t<div class=\"elementor-container elementor-column-gap-default\">\n\t\t\t\t\t<div class=\"elementor-column elementor-col-50 elementor-top-column elementor-element elementor-element-3abb1dd\" data-id=\"3abb1dd\" data-element_type=\"column\">\n\t\t\t<div class=\"elementor-widget-wrap elementor-element-populated\">\n\t\t\t\t\t\t<div class=\"elementor-element elementor-element-c870c2e elementor-widget elementor-widget-text-editor\" data-id=\"c870c2e\" data-element_type=\"widget\" data-widget_type=\"text-editor.default\">\n\t\t\t\t<div class=\"elementor-widget-container\">\n\t\t\t\t\t\t\t\t\t<p>ACT propose un contrat permettant l\u2019assistance t\u00e9l\u00e9phonique afin de vous aider dans le param\u00e9trage et l\u2019utilisation de votre caisse et du logiciel.<\/p>\t\t\t\t\t\t\t\t<\/div>\n\t\t\t\t<\/div>\n\t\t\t\t<div class=\"elementor-element elementor-element-3802002 elementor-widget elementor-widget-heading\" data-id=\"3802002\" data-element_type=\"widget\" data-widget_type=\"heading.default\">\n\t\t\t\t<div class=\"elementor-widget-container\">\n\t\t\t\t\t<h2 class=\"elementor-heading-title elementor-size-default\">Qu\u2019est-ce que la  t\u00e9l\u00e9maintenance ?<\/h2>\t\t\t\t<\/div>\n\t\t\t\t<\/div>\n\t\t\t\t<div class=\"elementor-element elementor-element-e94e73d elementor-widget-divider--view-line elementor-invisible elementor-widget elementor-widget-divider\" data-id=\"e94e73d\" data-element_type=\"widget\" data-settings=\"{&quot;_animation&quot;:&quot;fadeInLeft&quot;}\" data-widget_type=\"divider.default\">\n\t\t\t\t<div class=\"elementor-widget-container\">\n\t\t\t\t\t\t\t<div class=\"elementor-divider\">\n\t\t\t<span class=\"elementor-divider-separator\">\n\t\t\t\t\t\t<\/span>\n\t\t<\/div>\n\t\t\t\t\t\t<\/div>\n\t\t\t\t<\/div>\n\t\t\t\t<div class=\"elementor-element elementor-element-3f754fd elementor-widget elementor-widget-text-editor\" data-id=\"3f754fd\" data-element_type=\"widget\" data-widget_type=\"text-editor.default\">\n\t\t\t\t<div class=\"elementor-widget-container\">\n\t\t\t\t\t\t\t\t\t<p>La t\u00e9l\u00e9maintenance consiste \u00e0 r\u00e9aliser une <b>maintenance informatique \u00e0 distance<\/b>. Gr\u00e2ce \u00e0 un logiciel d\u00e9di\u00e9, nos experts peuvent prendre la main sur votre caisse, \u00e0 distance, afin d\u2019apporter une assistance technique, r\u00e9aliser des op\u00e9rations de d\u00e9pannage, v\u00e9rifier l\u2019\u00e9tat du syst\u00e8me ou encore r\u00e9aliser un diagnostic en vue d\u2019une intervention. Autrement dit, r\u00e9aliser toutes actions n\u00e9cessaires un bon fonctionnement du syst\u00e8me informatique.<\/p>\t\t\t\t\t\t\t\t<\/div>\n\t\t\t\t<\/div>\n\t\t\t\t\t<\/div>\n\t\t<\/div>\n\t\t\t\t<div class=\"elementor-column elementor-col-50 elementor-top-column elementor-element elementor-element-785c035\" data-id=\"785c035\" data-element_type=\"column\" data-settings=\"{&quot;background_background&quot;:&quot;classic&quot;}\">\n\t\t\t<div class=\"elementor-widget-wrap elementor-element-populated\">\n\t\t\t\t\t\t<div class=\"elementor-element elementor-element-caf1ad1 elementor-widget elementor-widget-image\" data-id=\"caf1ad1\" data-element_type=\"widget\" data-widget_type=\"image.default\">\n\t\t\t\t<div class=\"elementor-widget-container\">\n\t\t\t\t\t\t\t\t\t\t\t\t\t\t\t<img fetchpriority=\"high\" decoding=\"async\" width=\"1024\" height=\"680\" src=\"https:\/\/www.encaissement-act.com\/wp-content\/uploads\/2022\/04\/telemaintenance-1024x680.jpg\" class=\"attachment-large size-large wp-image-362\" alt=\"\" srcset=\"https:\/\/www.encaissement-act.com\/wp-content\/uploads\/2022\/04\/telemaintenance-1024x680.jpg 1024w, https:\/\/www.encaissement-act.com\/wp-content\/uploads\/2022\/04\/telemaintenance-300x199.jpg 300w, https:\/\/www.encaissement-act.com\/wp-content\/uploads\/2022\/04\/telemaintenance-768x510.jpg 768w, https:\/\/www.encaissement-act.com\/wp-content\/uploads\/2022\/04\/telemaintenance.jpg 1506w\" sizes=\"(max-width: 1024px) 100vw, 1024px\" \/>\t\t\t\t\t\t\t\t\t\t\t\t\t\t\t<\/div>\n\t\t\t\t<\/div>\n\t\t\t\t\t<\/div>\n\t\t<\/div>\n\t\t\t\t\t<\/div>\n\t\t<\/section>\n\t\t\t\t<section class=\"elementor-section elementor-top-section elementor-element elementor-element-300429e elementor-section-boxed elementor-section-height-default elementor-section-height-default\" data-id=\"300429e\" data-element_type=\"section\">\n\t\t\t\t\t\t<div class=\"elementor-container elementor-column-gap-default\">\n\t\t\t\t\t<div class=\"elementor-column elementor-col-100 elementor-top-column elementor-element elementor-element-faf24bc\" data-id=\"faf24bc\" data-element_type=\"column\">\n\t\t\t<div class=\"elementor-widget-wrap elementor-element-populated\">\n\t\t\t\t\t\t<div class=\"elementor-element elementor-element-49dbf52 elementor-widget elementor-widget-heading\" data-id=\"49dbf52\" data-element_type=\"widget\" data-widget_type=\"heading.default\">\n\t\t\t\t<div class=\"elementor-widget-container\">\n\t\t\t\t\t<h2 class=\"elementor-heading-title elementor-size-default\">Les avantages de la t\u00e9l\u00e9maintenance \n<\/h2>\t\t\t\t<\/div>\n\t\t\t\t<\/div>\n\t\t\t\t<div class=\"elementor-element elementor-element-99397be elementor-widget-divider--view-line elementor-invisible elementor-widget elementor-widget-divider\" data-id=\"99397be\" data-element_type=\"widget\" data-settings=\"{&quot;_animation&quot;:&quot;fadeInLeft&quot;,&quot;_animation_delay&quot;:600}\" data-widget_type=\"divider.default\">\n\t\t\t\t<div class=\"elementor-widget-container\">\n\t\t\t\t\t\t\t<div class=\"elementor-divider\">\n\t\t\t<span class=\"elementor-divider-separator\">\n\t\t\t\t\t\t<\/span>\n\t\t<\/div>\n\t\t\t\t\t\t<\/div>\n\t\t\t\t<\/div>\n\t\t\t\t<div class=\"elementor-element elementor-element-e5e3046 elementor-widget elementor-widget-text-editor\" data-id=\"e5e3046\" data-element_type=\"widget\" data-widget_type=\"text-editor.default\">\n\t\t\t\t<div class=\"elementor-widget-container\">\n\t\t\t\t\t\t\t\t\t<p><b><u>Efficacit\u00e9 et fiabilit\u00e9<br \/><\/u><\/b>En cas de probl\u00e8me, la t\u00e9l\u00e9maintenance permet \u00e0 un technicien de se connecter directement sur votre ordinateur. C\u2019est l\u2019expert qui effectue les diff\u00e9rentes actions ce qui \u00e9vite les erreurs qui pourraient \u00eatre faites, en suivant les indications d\u2019un technicien par t\u00e9l\u00e9phone.<\/p><p><u><b>Rapidit\u00e9 d\u2019intervention<br \/><\/b><\/u>La t\u00e9l\u00e9maintenance permet une action rapide des techniciens. En r\u00e9alisant des actions \u00e0 distance, ils peuvent r\u00e9soudre une panne ou dysfonctionnement sans se rendre sur place. Cela permet de gagner un temps pr\u00e9cieux.<\/p><p><u><b>Co\u00fbt de d\u00e9pannage optimis\u00e9<br \/><\/b><\/u>En \u00e9vitant aux techniciens de se d\u00e9placer sur site, la t\u00e9l\u00e9maintenance permet d\u2019\u00e9viter des factures d\u2019interventions plus longues et plus co\u00fbteuses. Ainsi, cela permet d\u2019optimiser les co\u00fbts li\u00e9s aux d\u00e9placements et \u00e0 l\u2019organisation d\u2019un planning d\u2019intervention.<\/p>\t\t\t\t\t\t\t\t<\/div>\n\t\t\t\t<\/div>\n\t\t\t\t\t<\/div>\n\t\t<\/div>\n\t\t\t\t\t<\/div>\n\t\t<\/section>\n\t\t\t\t<section class=\"elementor-section elementor-top-section elementor-element elementor-element-2a1467d elementor-section-boxed elementor-section-height-default elementor-section-height-default\" data-id=\"2a1467d\" data-element_type=\"section\">\n\t\t\t\t\t\t<div class=\"elementor-container elementor-column-gap-default\">\n\t\t\t\t\t<div class=\"elementor-column elementor-col-100 elementor-top-column elementor-element elementor-element-14ae9dd\" data-id=\"14ae9dd\" data-element_type=\"column\">\n\t\t\t<div class=\"elementor-widget-wrap elementor-element-populated\">\n\t\t\t\t\t\t<div class=\"elementor-element elementor-element-efabf7a elementor-align-center elementor-invisible elementor-widget elementor-widget-button\" data-id=\"efabf7a\" data-element_type=\"widget\" data-settings=\"{&quot;motion_fx_motion_fx_scrolling&quot;:&quot;yes&quot;,&quot;motion_fx_devices&quot;:[&quot;desktop&quot;,&quot;mobile&quot;],&quot;_animation&quot;:&quot;pulse&quot;,&quot;_animation_delay&quot;:600}\" data-widget_type=\"button.default\">\n\t\t\t\t<div class=\"elementor-widget-container\">\n\t\t\t\t\t\t\t\t\t<div class=\"elementor-button-wrapper\">\n\t\t\t\t\t<a class=\"elementor-button elementor-button-link elementor-size-sm elementor-animation-float\" href=\"https:\/\/www.encaissement-act.com\/index.php\/contact\/\">\n\t\t\t\t\t\t<span class=\"elementor-button-content-wrapper\">\n\t\t\t\t\t\t\t\t\t<span class=\"elementor-button-text\">Je demande un devis !<\/span>\n\t\t\t\t\t<\/span>\n\t\t\t\t\t<\/a>\n\t\t\t\t<\/div>\n\t\t\t\t\t\t\t\t<\/div>\n\t\t\t\t<\/div>\n\t\t\t\t\t<\/div>\n\t\t<\/div>\n\t\t\t\t\t<\/div>\n\t\t<\/section>\n\t\t\t\t<\/div>\n\t\t","protected":false},"excerpt":{"rendered":"<p>T\u00e9l\u00e9maintenance ACT propose un contrat permettant l\u2019assistance t\u00e9l\u00e9phonique afin de vous aider dans le param\u00e9trage et l\u2019utilisation de votre caisse et du logiciel. Qu\u2019est-ce que la t\u00e9l\u00e9maintenance ? La t\u00e9l\u00e9maintenance consiste \u00e0 r\u00e9aliser une maintenance informatique \u00e0 distance. Gr\u00e2ce \u00e0 un logiciel d\u00e9di\u00e9, nos experts peuvent prendre la main sur votre caisse, \u00e0 distance, afin [&hellip;]<\/p>\n","protected":false},"author":1,"featured_media":0,"parent":0,"menu_order":0,"comment_status":"closed","ping_status":"closed","template":"","meta":{"_monsterinsights_skip_tracking":false,"_monsterinsights_sitenote_active":false,"_monsterinsights_sitenote_note":"","_monsterinsights_sitenote_category":0,"ocean_post_layout":"full-screen","ocean_both_sidebars_style":"","ocean_both_sidebars_content_width":0,"ocean_both_sidebars_sidebars_width":0,"ocean_sidebar":"0","ocean_second_sidebar":"0","ocean_disable_margins":"enable","ocean_add_body_class":"","ocean_shortcode_before_top_bar":"","ocean_shortcode_after_top_bar":"","ocean_shortcode_before_header":"","ocean_shortcode_after_header":"","ocean_has_shortcode":"","ocean_shortcode_after_title":"","ocean_shortcode_before_footer_widgets":"","ocean_shortcode_after_footer_widgets":"","ocean_shortcode_before_footer_bottom":"","ocean_shortcode_after_footer_bottom":"","ocean_display_top_bar":"default","ocean_display_header":"default","ocean_header_style":"","ocean_center_header_left_menu":"0","ocean_custom_header_template":"0","ocean_custom_logo":0,"ocean_custom_retina_logo":0,"ocean_custom_logo_max_width":0,"ocean_custom_logo_tablet_max_width":0,"ocean_custom_logo_mobile_max_width":0,"ocean_custom_logo_max_height":0,"ocean_custom_logo_tablet_max_height":0,"ocean_custom_logo_mobile_max_height":0,"ocean_header_custom_menu":"0","ocean_menu_typo_font_family":"0","ocean_menu_typo_font_subset":"","ocean_menu_typo_font_size":0,"ocean_menu_typo_font_size_tablet":0,"ocean_menu_typo_font_size_mobile":0,"ocean_menu_typo_font_size_unit":"px","ocean_menu_typo_font_weight":"","ocean_menu_typo_font_weight_tablet":"","ocean_menu_typo_font_weight_mobile":"","ocean_menu_typo_transform":"","ocean_menu_typo_transform_tablet":"","ocean_menu_typo_transform_mobile":"","ocean_menu_typo_line_height":0,"ocean_menu_typo_line_height_tablet":0,"ocean_menu_typo_line_height_mobile":0,"ocean_menu_typo_line_height_unit":"","ocean_menu_typo_spacing":0,"ocean_menu_typo_spacing_tablet":0,"ocean_menu_typo_spacing_mobile":0,"ocean_menu_typo_spacing_unit":"","ocean_menu_link_color":"","ocean_menu_link_color_hover":"","ocean_menu_link_color_active":"","ocean_menu_link_background":"","ocean_menu_link_hover_background":"","ocean_menu_link_active_background":"","ocean_menu_social_links_bg":"","ocean_menu_social_hover_links_bg":"","ocean_menu_social_links_color":"","ocean_menu_social_hover_links_color":"","ocean_disable_title":"on","ocean_disable_heading":"default","ocean_post_title":"","ocean_post_subheading":"","ocean_post_title_style":"","ocean_post_title_background_color":"","ocean_post_title_background":0,"ocean_post_title_bg_image_position":"","ocean_post_title_bg_image_attachment":"","ocean_post_title_bg_image_repeat":"","ocean_post_title_bg_image_size":"","ocean_post_title_height":0,"ocean_post_title_bg_overlay":0.5,"ocean_post_title_bg_overlay_color":"","ocean_disable_breadcrumbs":"default","ocean_breadcrumbs_color":"","ocean_breadcrumbs_separator_color":"","ocean_breadcrumbs_links_color":"","ocean_breadcrumbs_links_hover_color":"","ocean_display_footer_widgets":"default","ocean_display_footer_bottom":"default","ocean_custom_footer_template":"0","footnotes":""},"class_list":["post-242","page","type-page","status-publish","hentry","entry"],"yoast_head":"<!-- This site is optimized with the Yoast SEO plugin v24.3 - https:\/\/yoast.com\/wordpress\/plugins\/seo\/ -->\n<title>T\u00e9l\u00e9maintenance - ACT encaissement<\/title>\n<meta name=\"robots\" content=\"index, follow, max-snippet:-1, max-image-preview:large, max-video-preview:-1\" \/>\n<link rel=\"canonical\" href=\"https:\/\/www.encaissement-act.com\/index.php\/telemaintenance\/\" \/>\n<meta property=\"og:locale\" content=\"fr_FR\" \/>\n<meta property=\"og:type\" content=\"article\" \/>\n<meta property=\"og:title\" content=\"T\u00e9l\u00e9maintenance - ACT encaissement\" \/>\n<meta property=\"og:description\" content=\"T\u00e9l\u00e9maintenance ACT propose un contrat permettant l\u2019assistance t\u00e9l\u00e9phonique afin de vous aider dans le param\u00e9trage et l\u2019utilisation de votre caisse et du logiciel. Qu\u2019est-ce que la t\u00e9l\u00e9maintenance ? La t\u00e9l\u00e9maintenance consiste \u00e0 r\u00e9aliser une maintenance informatique \u00e0 distance. Gr\u00e2ce \u00e0 un logiciel d\u00e9di\u00e9, nos experts peuvent prendre la main sur votre caisse, \u00e0 distance, afin [&hellip;]\" \/>\n<meta property=\"og:url\" content=\"https:\/\/www.encaissement-act.com\/index.php\/telemaintenance\/\" \/>\n<meta property=\"og:site_name\" content=\"ACT encaissement\" \/>\n<meta property=\"article:publisher\" content=\"https:\/\/www.facebook.com\/ACT12000\" \/>\n<meta property=\"article:modified_time\" content=\"2022-05-27T12:56:09+00:00\" \/>\n<meta property=\"og:image\" content=\"https:\/\/www.encaissement-act.com\/wp-content\/uploads\/2022\/04\/telemaintenance-1024x680.jpg\" \/>\n<meta name=\"twitter:card\" content=\"summary_large_image\" \/>\n<meta name=\"twitter:label1\" content=\"Dur\u00e9e de lecture estim\u00e9e\" \/>\n\t<meta name=\"twitter:data1\" content=\"2 minutes\" \/>\n<script type=\"application\/ld+json\" class=\"yoast-schema-graph\">{\"@context\":\"https:\/\/schema.org\",\"@graph\":[{\"@type\":\"WebPage\",\"@id\":\"https:\/\/www.encaissement-act.com\/index.php\/telemaintenance\/\",\"url\":\"https:\/\/www.encaissement-act.com\/index.php\/telemaintenance\/\",\"name\":\"T\u00e9l\u00e9maintenance - ACT encaissement\",\"isPartOf\":{\"@id\":\"https:\/\/www.encaissement-act.com\/#website\"},\"primaryImageOfPage\":{\"@id\":\"https:\/\/www.encaissement-act.com\/index.php\/telemaintenance\/#primaryimage\"},\"image\":{\"@id\":\"https:\/\/www.encaissement-act.com\/index.php\/telemaintenance\/#primaryimage\"},\"thumbnailUrl\":\"https:\/\/www.encaissement-act.com\/wp-content\/uploads\/2022\/04\/telemaintenance-1024x680.jpg\",\"datePublished\":\"2022-04-09T07:47:22+00:00\",\"dateModified\":\"2022-05-27T12:56:09+00:00\",\"breadcrumb\":{\"@id\":\"https:\/\/www.encaissement-act.com\/index.php\/telemaintenance\/#breadcrumb\"},\"inLanguage\":\"fr-FR\",\"potentialAction\":[{\"@type\":\"ReadAction\",\"target\":[\"https:\/\/www.encaissement-act.com\/index.php\/telemaintenance\/\"]}]},{\"@type\":\"ImageObject\",\"inLanguage\":\"fr-FR\",\"@id\":\"https:\/\/www.encaissement-act.com\/index.php\/telemaintenance\/#primaryimage\",\"url\":\"https:\/\/www.encaissement-act.com\/wp-content\/uploads\/2022\/04\/telemaintenance.jpg\",\"contentUrl\":\"https:\/\/www.encaissement-act.com\/wp-content\/uploads\/2022\/04\/telemaintenance.jpg\",\"width\":1506,\"height\":1000},{\"@type\":\"BreadcrumbList\",\"@id\":\"https:\/\/www.encaissement-act.com\/index.php\/telemaintenance\/#breadcrumb\",\"itemListElement\":[{\"@type\":\"ListItem\",\"position\":1,\"name\":\"Accueil\",\"item\":\"https:\/\/www.encaissement-act.com\/\"},{\"@type\":\"ListItem\",\"position\":2,\"name\":\"T\u00e9l\u00e9maintenance\"}]},{\"@type\":\"WebSite\",\"@id\":\"https:\/\/www.encaissement-act.com\/#website\",\"url\":\"https:\/\/www.encaissement-act.com\/\",\"name\":\"ACT encaissement\",\"description\":\"Le sp\u00e9cialiste de l&#039;encaissement\",\"publisher\":{\"@id\":\"https:\/\/www.encaissement-act.com\/#organization\"},\"potentialAction\":[{\"@type\":\"SearchAction\",\"target\":{\"@type\":\"EntryPoint\",\"urlTemplate\":\"https:\/\/www.encaissement-act.com\/?s={search_term_string}\"},\"query-input\":{\"@type\":\"PropertyValueSpecification\",\"valueRequired\":true,\"valueName\":\"search_term_string\"}}],\"inLanguage\":\"fr-FR\"},{\"@type\":\"Organization\",\"@id\":\"https:\/\/www.encaissement-act.com\/#organization\",\"name\":\"ACT encaissement\",\"url\":\"https:\/\/www.encaissement-act.com\/\",\"logo\":{\"@type\":\"ImageObject\",\"inLanguage\":\"fr-FR\",\"@id\":\"https:\/\/www.encaissement-act.com\/#\/schema\/logo\/image\/\",\"url\":\"https:\/\/www.encaissement-act.com\/wp-content\/uploads\/2022\/04\/logo_act_encaissementx2.png\",\"contentUrl\":\"https:\/\/www.encaissement-act.com\/wp-content\/uploads\/2022\/04\/logo_act_encaissementx2.png\",\"width\":1000,\"height\":501,\"caption\":\"ACT encaissement\"},\"image\":{\"@id\":\"https:\/\/www.encaissement-act.com\/#\/schema\/logo\/image\/\"},\"sameAs\":[\"https:\/\/www.facebook.com\/ACT12000\",\"https:\/\/www.instagram.com\/actpesage\/\",\"https:\/\/www.linkedin.com\/company\/28543556\/admin\/\"]}]}<\/script>\n<!-- \/ Yoast SEO plugin. -->","yoast_head_json":{"title":"T\u00e9l\u00e9maintenance - ACT encaissement","robots":{"index":"index","follow":"follow","max-snippet":"max-snippet:-1","max-image-preview":"max-image-preview:large","max-video-preview":"max-video-preview:-1"},"canonical":"https:\/\/www.encaissement-act.com\/index.php\/telemaintenance\/","og_locale":"fr_FR","og_type":"article","og_title":"T\u00e9l\u00e9maintenance - ACT encaissement","og_description":"T\u00e9l\u00e9maintenance ACT propose un contrat permettant l\u2019assistance t\u00e9l\u00e9phonique afin de vous aider dans le param\u00e9trage et l\u2019utilisation de votre caisse et du logiciel. Qu\u2019est-ce que la t\u00e9l\u00e9maintenance ? La t\u00e9l\u00e9maintenance consiste \u00e0 r\u00e9aliser une maintenance informatique \u00e0 distance. Gr\u00e2ce \u00e0 un logiciel d\u00e9di\u00e9, nos experts peuvent prendre la main sur votre caisse, \u00e0 distance, afin [&hellip;]","og_url":"https:\/\/www.encaissement-act.com\/index.php\/telemaintenance\/","og_site_name":"ACT encaissement","article_publisher":"https:\/\/www.facebook.com\/ACT12000","article_modified_time":"2022-05-27T12:56:09+00:00","og_image":[{"url":"https:\/\/www.encaissement-act.com\/wp-content\/uploads\/2022\/04\/telemaintenance-1024x680.jpg","type":"","width":"","height":""}],"twitter_card":"summary_large_image","twitter_misc":{"Dur\u00e9e de lecture estim\u00e9e":"2 minutes"},"schema":{"@context":"https:\/\/schema.org","@graph":[{"@type":"WebPage","@id":"https:\/\/www.encaissement-act.com\/index.php\/telemaintenance\/","url":"https:\/\/www.encaissement-act.com\/index.php\/telemaintenance\/","name":"T\u00e9l\u00e9maintenance - ACT encaissement","isPartOf":{"@id":"https:\/\/www.encaissement-act.com\/#website"},"primaryImageOfPage":{"@id":"https:\/\/www.encaissement-act.com\/index.php\/telemaintenance\/#primaryimage"},"image":{"@id":"https:\/\/www.encaissement-act.com\/index.php\/telemaintenance\/#primaryimage"},"thumbnailUrl":"https:\/\/www.encaissement-act.com\/wp-content\/uploads\/2022\/04\/telemaintenance-1024x680.jpg","datePublished":"2022-04-09T07:47:22+00:00","dateModified":"2022-05-27T12:56:09+00:00","breadcrumb":{"@id":"https:\/\/www.encaissement-act.com\/index.php\/telemaintenance\/#breadcrumb"},"inLanguage":"fr-FR","potentialAction":[{"@type":"ReadAction","target":["https:\/\/www.encaissement-act.com\/index.php\/telemaintenance\/"]}]},{"@type":"ImageObject","inLanguage":"fr-FR","@id":"https:\/\/www.encaissement-act.com\/index.php\/telemaintenance\/#primaryimage","url":"https:\/\/www.encaissement-act.com\/wp-content\/uploads\/2022\/04\/telemaintenance.jpg","contentUrl":"https:\/\/www.encaissement-act.com\/wp-content\/uploads\/2022\/04\/telemaintenance.jpg","width":1506,"height":1000},{"@type":"BreadcrumbList","@id":"https:\/\/www.encaissement-act.com\/index.php\/telemaintenance\/#breadcrumb","itemListElement":[{"@type":"ListItem","position":1,"name":"Accueil","item":"https:\/\/www.encaissement-act.com\/"},{"@type":"ListItem","position":2,"name":"T\u00e9l\u00e9maintenance"}]},{"@type":"WebSite","@id":"https:\/\/www.encaissement-act.com\/#website","url":"https:\/\/www.encaissement-act.com\/","name":"ACT encaissement","description":"Le sp\u00e9cialiste de l&#039;encaissement","publisher":{"@id":"https:\/\/www.encaissement-act.com\/#organization"},"potentialAction":[{"@type":"SearchAction","target":{"@type":"EntryPoint","urlTemplate":"https:\/\/www.encaissement-act.com\/?s={search_term_string}"},"query-input":{"@type":"PropertyValueSpecification","valueRequired":true,"valueName":"search_term_string"}}],"inLanguage":"fr-FR"},{"@type":"Organization","@id":"https:\/\/www.encaissement-act.com\/#organization","name":"ACT encaissement","url":"https:\/\/www.encaissement-act.com\/","logo":{"@type":"ImageObject","inLanguage":"fr-FR","@id":"https:\/\/www.encaissement-act.com\/#\/schema\/logo\/image\/","url":"https:\/\/www.encaissement-act.com\/wp-content\/uploads\/2022\/04\/logo_act_encaissementx2.png","contentUrl":"https:\/\/www.encaissement-act.com\/wp-content\/uploads\/2022\/04\/logo_act_encaissementx2.png","width":1000,"height":501,"caption":"ACT encaissement"},"image":{"@id":"https:\/\/www.encaissement-act.com\/#\/schema\/logo\/image\/"},"sameAs":["https:\/\/www.facebook.com\/ACT12000","https:\/\/www.instagram.com\/actpesage\/","https:\/\/www.linkedin.com\/company\/28543556\/admin\/"]}]}},"_links":{"self":[{"href":"https:\/\/www.encaissement-act.com\/index.php\/wp-json\/wp\/v2\/pages\/242","targetHints":{"allow":["GET"]}}],"collection":[{"href":"https:\/\/www.encaissement-act.com\/index.php\/wp-json\/wp\/v2\/pages"}],"about":[{"href":"https:\/\/www.encaissement-act.com\/index.php\/wp-json\/wp\/v2\/types\/page"}],"author":[{"embeddable":true,"href":"https:\/\/www.encaissement-act.com\/index.php\/wp-json\/wp\/v2\/users\/1"}],"replies":[{"embeddable":true,"href":"https:\/\/www.encaissement-act.com\/index.php\/wp-json\/wp\/v2\/comments?post=242"}],"version-history":[{"count":26,"href":"https:\/\/www.encaissement-act.com\/index.php\/wp-json\/wp\/v2\/pages\/242\/revisions"}],"predecessor-version":[{"id":1418,"href":"https:\/\/www.encaissement-act.com\/index.php\/wp-json\/wp\/v2\/pages\/242\/revisions\/1418"}],"wp:attachment":[{"href":"https:\/\/www.encaissement-act.com\/index.php\/wp-json\/wp\/v2\/media?parent=242"}],"curies":[{"name":"wp","href":"https:\/\/api.w.org\/{rel}","templated":true}]}}