{"id":170,"date":"2022-04-08T19:34:24","date_gmt":"2022-04-08T17:34:24","guid":{"rendered":"https:\/\/www.encaissement-act.com\/?page_id=170"},"modified":"2022-04-09T12:11:56","modified_gmt":"2022-04-09T10:11:56","slug":"nos-autres-domaines","status":"publish","type":"page","link":"https:\/\/www.encaissement-act.com\/index.php\/nos-autres-domaines\/","title":{"rendered":"Nos Autres domaines"},"content":{"rendered":"\t\t<div data-elementor-type=\"wp-page\" data-elementor-id=\"170\" class=\"elementor elementor-170\" data-elementor-post-type=\"page\">\n\t\t\t\t\t\t<section class=\"elementor-section elementor-top-section elementor-element elementor-element-29ddf6e3 elementor-section-boxed elementor-section-height-default elementor-section-height-default elementor-invisible\" data-id=\"29ddf6e3\" data-element_type=\"section\" data-settings=\"{&quot;animation&quot;:&quot;fadeInLeft&quot;}\">\n\t\t\t\t\t\t<div class=\"elementor-container elementor-column-gap-default\">\n\t\t\t\t\t<div class=\"elementor-column elementor-col-50 elementor-top-column elementor-element elementor-element-2473d484\" data-id=\"2473d484\" data-element_type=\"column\">\n\t\t\t<div class=\"elementor-widget-wrap elementor-element-populated\">\n\t\t\t\t\t\t<div class=\"elementor-element elementor-element-597e63f2 elementor-widget elementor-widget-image\" data-id=\"597e63f2\" data-element_type=\"widget\" data-widget_type=\"image.default\">\n\t\t\t\t<div class=\"elementor-widget-container\">\n\t\t\t\t\t\t\t\t\t\t\t\t\t\t\t\t<a href=\"https:\/\/www.encaissement-act.com\/\" target=\"_blank\">\n\t\t\t\t\t\t\t<img fetchpriority=\"high\" decoding=\"async\" width=\"600\" height=\"360\" src=\"https:\/\/www.encaissement-act.com\/wp-content\/uploads\/2022\/04\/logo_act_pesage_2.jpg\" class=\"attachment-large size-large wp-image-308\" alt=\"\" srcset=\"https:\/\/www.encaissement-act.com\/wp-content\/uploads\/2022\/04\/logo_act_pesage_2.jpg 600w, https:\/\/www.encaissement-act.com\/wp-content\/uploads\/2022\/04\/logo_act_pesage_2-300x180.jpg 300w\" sizes=\"(max-width: 600px) 100vw, 600px\" \/>\t\t\t\t\t\t\t\t<\/a>\n\t\t\t\t\t\t\t\t\t\t\t\t\t\t\t<\/div>\n\t\t\t\t<\/div>\n\t\t\t\t\t<\/div>\n\t\t<\/div>\n\t\t\t\t<div class=\"elementor-column elementor-col-50 elementor-top-column elementor-element elementor-element-581976f8\" data-id=\"581976f8\" data-element_type=\"column\">\n\t\t\t<div class=\"elementor-widget-wrap elementor-element-populated\">\n\t\t\t\t\t\t<div class=\"elementor-element elementor-element-5a19524e elementor-widget elementor-widget-heading\" data-id=\"5a19524e\" data-element_type=\"widget\" data-widget_type=\"heading.default\">\n\t\t\t\t<div class=\"elementor-widget-container\">\n\t\t\t\t\t<h2 class=\"elementor-heading-title elementor-size-default\">ACT Pesage<\/h2>\t\t\t\t<\/div>\n\t\t\t\t<\/div>\n\t\t\t\t<div class=\"elementor-element elementor-element-4baa2514 elementor-widget-divider--view-line elementor-widget elementor-widget-divider\" data-id=\"4baa2514\" data-element_type=\"widget\" data-widget_type=\"divider.default\">\n\t\t\t\t<div class=\"elementor-widget-container\">\n\t\t\t\t\t\t\t<div class=\"elementor-divider\">\n\t\t\t<span class=\"elementor-divider-separator\">\n\t\t\t\t\t\t<\/span>\n\t\t<\/div>\n\t\t\t\t\t\t<\/div>\n\t\t\t\t<\/div>\n\t\t\t\t<div class=\"elementor-element elementor-element-34db0ae5 elementor-widget elementor-widget-text-editor\" data-id=\"34db0ae5\" data-element_type=\"widget\" data-widget_type=\"text-editor.default\">\n\t\t\t\t<div class=\"elementor-widget-container\">\n\t\t\t\t\t\t\t\t\t<p>Professionnel du pesage depuis plus de 100 ans, notre soci\u00e9t\u00e9 \u00e0 su se d\u00e9velopper au fil du temps gr\u00e2ce \u00e0 la qualit\u00e9 de nos services !<br \/>De la balance poids prix pour un march\u00e9, une \u00e9picerie, au pont bascule, passant par la cr\u00e9ation de solution sur mesure nous trouvons la solution adapt\u00e9e \u00e0 vos besoins.<\/p>\t\t\t\t\t\t\t\t<\/div>\n\t\t\t\t<\/div>\n\t\t\t\t<div class=\"elementor-element elementor-element-476aa6ac elementor-align-right elementor-invisible elementor-widget elementor-widget-button\" data-id=\"476aa6ac\" data-element_type=\"widget\" data-settings=\"{&quot;_animation&quot;:&quot;fadeIn&quot;}\" data-widget_type=\"button.default\">\n\t\t\t\t<div class=\"elementor-widget-container\">\n\t\t\t\t\t\t\t\t\t<div class=\"elementor-button-wrapper\">\n\t\t\t\t\t<a class=\"elementor-button elementor-button-link elementor-size-sm elementor-animation-float\" href=\"https:\/\/www.pesage-act.com\/\" target=\"_blank\">\n\t\t\t\t\t\t<span class=\"elementor-button-content-wrapper\">\n\t\t\t\t\t\t\t\t\t<span class=\"elementor-button-text\">En savoir +<\/span>\n\t\t\t\t\t<\/span>\n\t\t\t\t\t<\/a>\n\t\t\t\t<\/div>\n\t\t\t\t\t\t\t\t<\/div>\n\t\t\t\t<\/div>\n\t\t\t\t\t<\/div>\n\t\t<\/div>\n\t\t\t\t\t<\/div>\n\t\t<\/section>\n\t\t\t\t<section class=\"elementor-section elementor-top-section elementor-element elementor-element-4ef3f3af elementor-section-boxed elementor-section-height-default elementor-section-height-default elementor-invisible\" data-id=\"4ef3f3af\" data-element_type=\"section\" data-settings=\"{&quot;animation&quot;:&quot;fadeInLeft&quot;,&quot;animation_delay&quot;:2000}\">\n\t\t\t\t\t\t<div class=\"elementor-container elementor-column-gap-default\">\n\t\t\t\t\t<div class=\"elementor-column elementor-col-50 elementor-top-column elementor-element elementor-element-30cfc15a\" data-id=\"30cfc15a\" data-element_type=\"column\">\n\t\t\t<div class=\"elementor-widget-wrap elementor-element-populated\">\n\t\t\t\t\t\t<div class=\"elementor-element elementor-element-3a1cc378 elementor-widget elementor-widget-image\" data-id=\"3a1cc378\" data-element_type=\"widget\" data-widget_type=\"image.default\">\n\t\t\t\t<div class=\"elementor-widget-container\">\n\t\t\t\t\t\t\t\t\t\t\t\t\t\t\t\t<a href=\"https:\/\/www.developpement-act.com\/\" target=\"_blank\">\n\t\t\t\t\t\t\t<img decoding=\"async\" width=\"600\" height=\"360\" src=\"https:\/\/www.encaissement-act.com\/wp-content\/uploads\/2022\/04\/Logos_ACT_developpement_.png\" class=\"attachment-large size-large wp-image-173\" alt=\"\" srcset=\"https:\/\/www.encaissement-act.com\/wp-content\/uploads\/2022\/04\/Logos_ACT_developpement_.png 600w, https:\/\/www.encaissement-act.com\/wp-content\/uploads\/2022\/04\/Logos_ACT_developpement_-300x180.png 300w\" sizes=\"(max-width: 600px) 100vw, 600px\" \/>\t\t\t\t\t\t\t\t<\/a>\n\t\t\t\t\t\t\t\t\t\t\t\t\t\t\t<\/div>\n\t\t\t\t<\/div>\n\t\t\t\t\t<\/div>\n\t\t<\/div>\n\t\t\t\t<div class=\"elementor-column elementor-col-50 elementor-top-column elementor-element elementor-element-66e01cfe\" data-id=\"66e01cfe\" data-element_type=\"column\">\n\t\t\t<div class=\"elementor-widget-wrap elementor-element-populated\">\n\t\t\t\t\t\t<div class=\"elementor-element elementor-element-18b14344 elementor-widget elementor-widget-heading\" data-id=\"18b14344\" data-element_type=\"widget\" data-widget_type=\"heading.default\">\n\t\t\t\t<div class=\"elementor-widget-container\">\n\t\t\t\t\t<h2 class=\"elementor-heading-title elementor-size-default\">ACT D\u00e9veloppement<\/h2>\t\t\t\t<\/div>\n\t\t\t\t<\/div>\n\t\t\t\t<div class=\"elementor-element elementor-element-5dd62578 elementor-widget-divider--view-line elementor-widget elementor-widget-divider\" data-id=\"5dd62578\" data-element_type=\"widget\" data-widget_type=\"divider.default\">\n\t\t\t\t<div class=\"elementor-widget-container\">\n\t\t\t\t\t\t\t<div class=\"elementor-divider\">\n\t\t\t<span class=\"elementor-divider-separator\">\n\t\t\t\t\t\t<\/span>\n\t\t<\/div>\n\t\t\t\t\t\t<\/div>\n\t\t\t\t<\/div>\n\t\t\t\t<div class=\"elementor-element elementor-element-4f1d76d0 elementor-widget elementor-widget-text-editor\" data-id=\"4f1d76d0\" data-element_type=\"widget\" data-widget_type=\"text-editor.default\">\n\t\t\t\t<div class=\"elementor-widget-container\">\n\t\t\t\t\t\t\t\t\t<p>Du pesage \u00e0 l\u2019informatique, il n\u2019y a qu\u2019un pas\u2026 Et peu \u00e0 peu ACT a d\u00e9velopp\u00e9 des solutions logicielles permettant d\u2019int\u00e9grer les syst\u00e8mes de pesage dans une gestion de stock et la comptabilit\u00e9 de l\u2019entreprise.<\/p>\t\t\t\t\t\t\t\t<\/div>\n\t\t\t\t<\/div>\n\t\t\t\t<div class=\"elementor-element elementor-element-90c32e3 elementor-align-right elementor-invisible elementor-widget elementor-widget-button\" data-id=\"90c32e3\" data-element_type=\"widget\" data-settings=\"{&quot;_animation&quot;:&quot;fadeIn&quot;}\" data-widget_type=\"button.default\">\n\t\t\t\t<div class=\"elementor-widget-container\">\n\t\t\t\t\t\t\t\t\t<div class=\"elementor-button-wrapper\">\n\t\t\t\t\t<a class=\"elementor-button elementor-button-link elementor-size-sm elementor-animation-float\" href=\"https:\/\/www.developpement-act.com\/\" target=\"_blank\">\n\t\t\t\t\t\t<span class=\"elementor-button-content-wrapper\">\n\t\t\t\t\t\t\t\t\t<span class=\"elementor-button-text\">En savoir +<\/span>\n\t\t\t\t\t<\/span>\n\t\t\t\t\t<\/a>\n\t\t\t\t<\/div>\n\t\t\t\t\t\t\t\t<\/div>\n\t\t\t\t<\/div>\n\t\t\t\t\t<\/div>\n\t\t<\/div>\n\t\t\t\t\t<\/div>\n\t\t<\/section>\n\t\t\t\t<\/div>\n\t\t","protected":false},"excerpt":{"rendered":"<p>ACT Pesage Professionnel du pesage depuis plus de 100 ans, notre soci\u00e9t\u00e9 \u00e0 su se d\u00e9velopper au fil du temps gr\u00e2ce \u00e0 la qualit\u00e9 de nos services !De la balance poids prix pour un march\u00e9, une \u00e9picerie, au pont bascule, passant par la cr\u00e9ation de solution sur mesure nous trouvons la solution adapt\u00e9e \u00e0 vos [&hellip;]<\/p>\n","protected":false},"author":1,"featured_media":0,"parent":0,"menu_order":0,"comment_status":"closed","ping_status":"closed","template":"","meta":{"_monsterinsights_skip_tracking":false,"_monsterinsights_sitenote_active":false,"_monsterinsights_sitenote_note":"","_monsterinsights_sitenote_category":0,"ocean_post_layout":"full-screen","ocean_both_sidebars_style":"","ocean_both_sidebars_content_width":0,"ocean_both_sidebars_sidebars_width":0,"ocean_sidebar":"0","ocean_second_sidebar":"0","ocean_disable_margins":"enable","ocean_add_body_class":"","ocean_shortcode_before_top_bar":"","ocean_shortcode_after_top_bar":"","ocean_shortcode_before_header":"","ocean_shortcode_after_header":"","ocean_has_shortcode":"","ocean_shortcode_after_title":"","ocean_shortcode_before_footer_widgets":"","ocean_shortcode_after_footer_widgets":"","ocean_shortcode_before_footer_bottom":"","ocean_shortcode_after_footer_bottom":"","ocean_display_top_bar":"default","ocean_display_header":"default","ocean_header_style":"","ocean_center_header_left_menu":"0","ocean_custom_header_template":"0","ocean_custom_logo":0,"ocean_custom_retina_logo":0,"ocean_custom_logo_max_width":0,"ocean_custom_logo_tablet_max_width":0,"ocean_custom_logo_mobile_max_width":0,"ocean_custom_logo_max_height":0,"ocean_custom_logo_tablet_max_height":0,"ocean_custom_logo_mobile_max_height":0,"ocean_header_custom_menu":"0","ocean_menu_typo_font_family":"0","ocean_menu_typo_font_subset":"","ocean_menu_typo_font_size":0,"ocean_menu_typo_font_size_tablet":0,"ocean_menu_typo_font_size_mobile":0,"ocean_menu_typo_font_size_unit":"px","ocean_menu_typo_font_weight":"","ocean_menu_typo_font_weight_tablet":"","ocean_menu_typo_font_weight_mobile":"","ocean_menu_typo_transform":"","ocean_menu_typo_transform_tablet":"","ocean_menu_typo_transform_mobile":"","ocean_menu_typo_line_height":0,"ocean_menu_typo_line_height_tablet":0,"ocean_menu_typo_line_height_mobile":0,"ocean_menu_typo_line_height_unit":"","ocean_menu_typo_spacing":0,"ocean_menu_typo_spacing_tablet":0,"ocean_menu_typo_spacing_mobile":0,"ocean_menu_typo_spacing_unit":"","ocean_menu_link_color":"","ocean_menu_link_color_hover":"","ocean_menu_link_color_active":"","ocean_menu_link_background":"","ocean_menu_link_hover_background":"","ocean_menu_link_active_background":"","ocean_menu_social_links_bg":"","ocean_menu_social_hover_links_bg":"","ocean_menu_social_links_color":"","ocean_menu_social_hover_links_color":"","ocean_disable_title":"on","ocean_disable_heading":"default","ocean_post_title":"","ocean_post_subheading":"","ocean_post_title_style":"","ocean_post_title_background_color":"","ocean_post_title_background":0,"ocean_post_title_bg_image_position":"","ocean_post_title_bg_image_attachment":"","ocean_post_title_bg_image_repeat":"","ocean_post_title_bg_image_size":"","ocean_post_title_height":0,"ocean_post_title_bg_overlay":0.5,"ocean_post_title_bg_overlay_color":"","ocean_disable_breadcrumbs":"default","ocean_breadcrumbs_color":"","ocean_breadcrumbs_separator_color":"","ocean_breadcrumbs_links_color":"","ocean_breadcrumbs_links_hover_color":"","ocean_display_footer_widgets":"default","ocean_display_footer_bottom":"default","ocean_custom_footer_template":"0","footnotes":""},"class_list":["post-170","page","type-page","status-publish","hentry","entry"],"yoast_head":"<!-- This site is optimized with the Yoast SEO plugin v24.3 - https:\/\/yoast.com\/wordpress\/plugins\/seo\/ -->\n<title>Nos Autres domaines - ACT encaissement<\/title>\n<meta name=\"robots\" content=\"index, follow, max-snippet:-1, max-image-preview:large, max-video-preview:-1\" \/>\n<link rel=\"canonical\" href=\"https:\/\/www.encaissement-act.com\/index.php\/nos-autres-domaines\/\" \/>\n<meta property=\"og:locale\" content=\"fr_FR\" \/>\n<meta property=\"og:type\" content=\"article\" \/>\n<meta property=\"og:title\" content=\"Nos Autres domaines - ACT encaissement\" \/>\n<meta property=\"og:description\" content=\"ACT Pesage Professionnel du pesage depuis plus de 100 ans, notre soci\u00e9t\u00e9 \u00e0 su se d\u00e9velopper au fil du temps gr\u00e2ce \u00e0 la qualit\u00e9 de nos services !De la balance poids prix pour un march\u00e9, une \u00e9picerie, au pont bascule, passant par la cr\u00e9ation de solution sur mesure nous trouvons la solution adapt\u00e9e \u00e0 vos [&hellip;]\" \/>\n<meta property=\"og:url\" content=\"https:\/\/www.encaissement-act.com\/index.php\/nos-autres-domaines\/\" \/>\n<meta property=\"og:site_name\" content=\"ACT encaissement\" \/>\n<meta property=\"article:publisher\" content=\"https:\/\/www.facebook.com\/ACT12000\" \/>\n<meta property=\"article:modified_time\" content=\"2022-04-09T10:11:56+00:00\" \/>\n<meta property=\"og:image\" content=\"https:\/\/www.encaissement-act.com\/wp-content\/uploads\/2022\/04\/logo_act_pesage_2.jpg\" \/>\n<meta name=\"twitter:card\" content=\"summary_large_image\" \/>\n<meta name=\"twitter:label1\" content=\"Dur\u00e9e de lecture estim\u00e9e\" \/>\n\t<meta name=\"twitter:data1\" content=\"1 minute\" \/>\n<script type=\"application\/ld+json\" class=\"yoast-schema-graph\">{\"@context\":\"https:\/\/schema.org\",\"@graph\":[{\"@type\":\"WebPage\",\"@id\":\"https:\/\/www.encaissement-act.com\/index.php\/nos-autres-domaines\/\",\"url\":\"https:\/\/www.encaissement-act.com\/index.php\/nos-autres-domaines\/\",\"name\":\"Nos Autres domaines - ACT encaissement\",\"isPartOf\":{\"@id\":\"https:\/\/www.encaissement-act.com\/#website\"},\"primaryImageOfPage\":{\"@id\":\"https:\/\/www.encaissement-act.com\/index.php\/nos-autres-domaines\/#primaryimage\"},\"image\":{\"@id\":\"https:\/\/www.encaissement-act.com\/index.php\/nos-autres-domaines\/#primaryimage\"},\"thumbnailUrl\":\"https:\/\/www.encaissement-act.com\/wp-content\/uploads\/2022\/04\/logo_act_pesage_2.jpg\",\"datePublished\":\"2022-04-08T17:34:24+00:00\",\"dateModified\":\"2022-04-09T10:11:56+00:00\",\"breadcrumb\":{\"@id\":\"https:\/\/www.encaissement-act.com\/index.php\/nos-autres-domaines\/#breadcrumb\"},\"inLanguage\":\"fr-FR\",\"potentialAction\":[{\"@type\":\"ReadAction\",\"target\":[\"https:\/\/www.encaissement-act.com\/index.php\/nos-autres-domaines\/\"]}]},{\"@type\":\"ImageObject\",\"inLanguage\":\"fr-FR\",\"@id\":\"https:\/\/www.encaissement-act.com\/index.php\/nos-autres-domaines\/#primaryimage\",\"url\":\"https:\/\/www.encaissement-act.com\/wp-content\/uploads\/2022\/04\/logo_act_pesage_2.jpg\",\"contentUrl\":\"https:\/\/www.encaissement-act.com\/wp-content\/uploads\/2022\/04\/logo_act_pesage_2.jpg\",\"width\":600,\"height\":360},{\"@type\":\"BreadcrumbList\",\"@id\":\"https:\/\/www.encaissement-act.com\/index.php\/nos-autres-domaines\/#breadcrumb\",\"itemListElement\":[{\"@type\":\"ListItem\",\"position\":1,\"name\":\"Accueil\",\"item\":\"https:\/\/www.encaissement-act.com\/\"},{\"@type\":\"ListItem\",\"position\":2,\"name\":\"Nos Autres domaines\"}]},{\"@type\":\"WebSite\",\"@id\":\"https:\/\/www.encaissement-act.com\/#website\",\"url\":\"https:\/\/www.encaissement-act.com\/\",\"name\":\"ACT encaissement\",\"description\":\"Le sp\u00e9cialiste de l&#039;encaissement\",\"publisher\":{\"@id\":\"https:\/\/www.encaissement-act.com\/#organization\"},\"potentialAction\":[{\"@type\":\"SearchAction\",\"target\":{\"@type\":\"EntryPoint\",\"urlTemplate\":\"https:\/\/www.encaissement-act.com\/?s={search_term_string}\"},\"query-input\":{\"@type\":\"PropertyValueSpecification\",\"valueRequired\":true,\"valueName\":\"search_term_string\"}}],\"inLanguage\":\"fr-FR\"},{\"@type\":\"Organization\",\"@id\":\"https:\/\/www.encaissement-act.com\/#organization\",\"name\":\"ACT encaissement\",\"url\":\"https:\/\/www.encaissement-act.com\/\",\"logo\":{\"@type\":\"ImageObject\",\"inLanguage\":\"fr-FR\",\"@id\":\"https:\/\/www.encaissement-act.com\/#\/schema\/logo\/image\/\",\"url\":\"https:\/\/www.encaissement-act.com\/wp-content\/uploads\/2022\/04\/logo_act_encaissementx2.png\",\"contentUrl\":\"https:\/\/www.encaissement-act.com\/wp-content\/uploads\/2022\/04\/logo_act_encaissementx2.png\",\"width\":1000,\"height\":501,\"caption\":\"ACT encaissement\"},\"image\":{\"@id\":\"https:\/\/www.encaissement-act.com\/#\/schema\/logo\/image\/\"},\"sameAs\":[\"https:\/\/www.facebook.com\/ACT12000\",\"https:\/\/www.instagram.com\/actpesage\/\",\"https:\/\/www.linkedin.com\/company\/28543556\/admin\/\"]}]}<\/script>\n<!-- \/ Yoast SEO plugin. -->","yoast_head_json":{"title":"Nos Autres domaines - ACT encaissement","robots":{"index":"index","follow":"follow","max-snippet":"max-snippet:-1","max-image-preview":"max-image-preview:large","max-video-preview":"max-video-preview:-1"},"canonical":"https:\/\/www.encaissement-act.com\/index.php\/nos-autres-domaines\/","og_locale":"fr_FR","og_type":"article","og_title":"Nos Autres domaines - ACT encaissement","og_description":"ACT Pesage Professionnel du pesage depuis plus de 100 ans, notre soci\u00e9t\u00e9 \u00e0 su se d\u00e9velopper au fil du temps gr\u00e2ce \u00e0 la qualit\u00e9 de nos services !De la balance poids prix pour un march\u00e9, une \u00e9picerie, au pont bascule, passant par la cr\u00e9ation de solution sur mesure nous trouvons la solution adapt\u00e9e \u00e0 vos [&hellip;]","og_url":"https:\/\/www.encaissement-act.com\/index.php\/nos-autres-domaines\/","og_site_name":"ACT encaissement","article_publisher":"https:\/\/www.facebook.com\/ACT12000","article_modified_time":"2022-04-09T10:11:56+00:00","og_image":[{"url":"https:\/\/www.encaissement-act.com\/wp-content\/uploads\/2022\/04\/logo_act_pesage_2.jpg","type":"","width":"","height":""}],"twitter_card":"summary_large_image","twitter_misc":{"Dur\u00e9e de lecture estim\u00e9e":"1 minute"},"schema":{"@context":"https:\/\/schema.org","@graph":[{"@type":"WebPage","@id":"https:\/\/www.encaissement-act.com\/index.php\/nos-autres-domaines\/","url":"https:\/\/www.encaissement-act.com\/index.php\/nos-autres-domaines\/","name":"Nos Autres domaines - ACT encaissement","isPartOf":{"@id":"https:\/\/www.encaissement-act.com\/#website"},"primaryImageOfPage":{"@id":"https:\/\/www.encaissement-act.com\/index.php\/nos-autres-domaines\/#primaryimage"},"image":{"@id":"https:\/\/www.encaissement-act.com\/index.php\/nos-autres-domaines\/#primaryimage"},"thumbnailUrl":"https:\/\/www.encaissement-act.com\/wp-content\/uploads\/2022\/04\/logo_act_pesage_2.jpg","datePublished":"2022-04-08T17:34:24+00:00","dateModified":"2022-04-09T10:11:56+00:00","breadcrumb":{"@id":"https:\/\/www.encaissement-act.com\/index.php\/nos-autres-domaines\/#breadcrumb"},"inLanguage":"fr-FR","potentialAction":[{"@type":"ReadAction","target":["https:\/\/www.encaissement-act.com\/index.php\/nos-autres-domaines\/"]}]},{"@type":"ImageObject","inLanguage":"fr-FR","@id":"https:\/\/www.encaissement-act.com\/index.php\/nos-autres-domaines\/#primaryimage","url":"https:\/\/www.encaissement-act.com\/wp-content\/uploads\/2022\/04\/logo_act_pesage_2.jpg","contentUrl":"https:\/\/www.encaissement-act.com\/wp-content\/uploads\/2022\/04\/logo_act_pesage_2.jpg","width":600,"height":360},{"@type":"BreadcrumbList","@id":"https:\/\/www.encaissement-act.com\/index.php\/nos-autres-domaines\/#breadcrumb","itemListElement":[{"@type":"ListItem","position":1,"name":"Accueil","item":"https:\/\/www.encaissement-act.com\/"},{"@type":"ListItem","position":2,"name":"Nos Autres domaines"}]},{"@type":"WebSite","@id":"https:\/\/www.encaissement-act.com\/#website","url":"https:\/\/www.encaissement-act.com\/","name":"ACT encaissement","description":"Le sp\u00e9cialiste de l&#039;encaissement","publisher":{"@id":"https:\/\/www.encaissement-act.com\/#organization"},"potentialAction":[{"@type":"SearchAction","target":{"@type":"EntryPoint","urlTemplate":"https:\/\/www.encaissement-act.com\/?s={search_term_string}"},"query-input":{"@type":"PropertyValueSpecification","valueRequired":true,"valueName":"search_term_string"}}],"inLanguage":"fr-FR"},{"@type":"Organization","@id":"https:\/\/www.encaissement-act.com\/#organization","name":"ACT encaissement","url":"https:\/\/www.encaissement-act.com\/","logo":{"@type":"ImageObject","inLanguage":"fr-FR","@id":"https:\/\/www.encaissement-act.com\/#\/schema\/logo\/image\/","url":"https:\/\/www.encaissement-act.com\/wp-content\/uploads\/2022\/04\/logo_act_encaissementx2.png","contentUrl":"https:\/\/www.encaissement-act.com\/wp-content\/uploads\/2022\/04\/logo_act_encaissementx2.png","width":1000,"height":501,"caption":"ACT encaissement"},"image":{"@id":"https:\/\/www.encaissement-act.com\/#\/schema\/logo\/image\/"},"sameAs":["https:\/\/www.facebook.com\/ACT12000","https:\/\/www.instagram.com\/actpesage\/","https:\/\/www.linkedin.com\/company\/28543556\/admin\/"]}]}},"_links":{"self":[{"href":"https:\/\/www.encaissement-act.com\/index.php\/wp-json\/wp\/v2\/pages\/170","targetHints":{"allow":["GET"]}}],"collection":[{"href":"https:\/\/www.encaissement-act.com\/index.php\/wp-json\/wp\/v2\/pages"}],"about":[{"href":"https:\/\/www.encaissement-act.com\/index.php\/wp-json\/wp\/v2\/types\/page"}],"author":[{"embeddable":true,"href":"https:\/\/www.encaissement-act.com\/index.php\/wp-json\/wp\/v2\/users\/1"}],"replies":[{"embeddable":true,"href":"https:\/\/www.encaissement-act.com\/index.php\/wp-json\/wp\/v2\/comments?post=170"}],"version-history":[{"count":11,"href":"https:\/\/www.encaissement-act.com\/index.php\/wp-json\/wp\/v2\/pages\/170\/revisions"}],"predecessor-version":[{"id":1523,"href":"https:\/\/www.encaissement-act.com\/index.php\/wp-json\/wp\/v2\/pages\/170\/revisions\/1523"}],"wp:attachment":[{"href":"https:\/\/www.encaissement-act.com\/index.php\/wp-json\/wp\/v2\/media?parent=170"}],"curies":[{"name":"wp","href":"https:\/\/api.w.org\/{rel}","templated":true}]}}