{"id":162,"date":"2022-04-08T19:32:06","date_gmt":"2022-04-08T17:32:06","guid":{"rendered":"https:\/\/www.encaissement-act.com\/?page_id=162"},"modified":"2022-05-15T10:18:38","modified_gmt":"2022-05-15T08:18:38","slug":"nos-agences","status":"publish","type":"page","link":"https:\/\/www.encaissement-act.com\/index.php\/nos-agences\/","title":{"rendered":"Nos Agences"},"content":{"rendered":"\t\t<div data-elementor-type=\"wp-page\" data-elementor-id=\"162\" class=\"elementor elementor-162\" data-elementor-post-type=\"page\">\n\t\t\t\t\t\t<section class=\"elementor-section elementor-top-section elementor-element elementor-element-55aac09f elementor-section-height-min-height elementor-section-boxed elementor-section-height-default elementor-section-items-middle\" data-id=\"55aac09f\" data-element_type=\"section\" data-settings=\"{&quot;background_background&quot;:&quot;slideshow&quot;,&quot;background_slideshow_gallery&quot;:[{&quot;id&quot;:68,&quot;url&quot;:&quot;https:\\\/\\\/www.encaissement-act.com\\\/wp-content\\\/uploads\\\/2022\\\/04\\\/act-pesage_accueil.jpg&quot;}],&quot;background_slideshow_loop&quot;:&quot;yes&quot;,&quot;background_slideshow_slide_duration&quot;:5000,&quot;background_slideshow_slide_transition&quot;:&quot;fade&quot;,&quot;background_slideshow_transition_duration&quot;:500}\">\n\t\t\t\t\t\t<div class=\"elementor-container elementor-column-gap-default\">\n\t\t\t\t\t<div class=\"elementor-column elementor-col-100 elementor-top-column elementor-element elementor-element-47af59d0\" data-id=\"47af59d0\" data-element_type=\"column\" data-settings=\"{&quot;background_background&quot;:&quot;classic&quot;}\">\n\t\t\t<div class=\"elementor-widget-wrap elementor-element-populated\">\n\t\t\t\t\t\t<div class=\"elementor-element elementor-element-17a77b6b elementor-widget elementor-widget-heading\" data-id=\"17a77b6b\" data-element_type=\"widget\" data-widget_type=\"heading.default\">\n\t\t\t\t<div class=\"elementor-widget-container\">\n\t\t\t\t\t<h1 class=\"elementor-heading-title elementor-size-default\">Nos Agences<\/h1>\t\t\t\t<\/div>\n\t\t\t\t<\/div>\n\t\t\t\t<div class=\"elementor-element elementor-element-16176daf elementor-widget elementor-widget-text-editor\" data-id=\"16176daf\" data-element_type=\"widget\" data-widget_type=\"text-editor.default\">\n\t\t\t\t<div class=\"elementor-widget-container\">\n\t\t\t\t\t\t\t\t\t<p>Rodez, Caussade, Brive, Aurillac, Millau et Montpellier<\/p>\t\t\t\t\t\t\t\t<\/div>\n\t\t\t\t<\/div>\n\t\t\t\t\t<\/div>\n\t\t<\/div>\n\t\t\t\t\t<\/div>\n\t\t<\/section>\n\t\t\t\t<section class=\"elementor-section elementor-top-section elementor-element elementor-element-2bad66a9 elementor-section-boxed elementor-section-height-default elementor-section-height-default\" data-id=\"2bad66a9\" data-element_type=\"section\">\n\t\t\t\t\t\t<div class=\"elementor-container elementor-column-gap-default\">\n\t\t\t\t\t<div class=\"elementor-column elementor-col-100 elementor-top-column elementor-element elementor-element-7da0b273\" data-id=\"7da0b273\" data-element_type=\"column\">\n\t\t\t<div class=\"elementor-widget-wrap elementor-element-populated\">\n\t\t\t\t\t\t<div class=\"elementor-element elementor-element-66c9b203 elementor-widget elementor-widget-heading\" data-id=\"66c9b203\" data-element_type=\"widget\" data-widget_type=\"heading.default\">\n\t\t\t\t<div class=\"elementor-widget-container\">\n\t\t\t\t\t<h2 class=\"elementor-heading-title elementor-size-default\">Si\u00e8ge social<\/h2>\t\t\t\t<\/div>\n\t\t\t\t<\/div>\n\t\t\t\t<div class=\"elementor-element elementor-element-67818e05 elementor-widget-divider--view-line elementor-invisible elementor-widget elementor-widget-divider\" data-id=\"67818e05\" data-element_type=\"widget\" data-settings=\"{&quot;_animation&quot;:&quot;fadeInLeft&quot;}\" data-widget_type=\"divider.default\">\n\t\t\t\t<div class=\"elementor-widget-container\">\n\t\t\t\t\t\t\t<div class=\"elementor-divider\">\n\t\t\t<span class=\"elementor-divider-separator\">\n\t\t\t\t\t\t<\/span>\n\t\t<\/div>\n\t\t\t\t\t\t<\/div>\n\t\t\t\t<\/div>\n\t\t\t\t<div class=\"elementor-element elementor-element-c351e7a elementor-widget elementor-widget-text-editor\" data-id=\"c351e7a\" data-element_type=\"widget\" data-widget_type=\"text-editor.default\">\n\t\t\t\t<div class=\"elementor-widget-container\">\n\t\t\t\t\t\t\t\t\t<p>ACT Encaissement<br \/>265 avenue des Eb\u00e9nistes <br \/>ZA Bel Air<br \/>12000 RODEZ<br \/>T\u00e9l\u00e9phone : 05 65 42 21 13 \u2013 contact@encaissement-act.com<\/p>\t\t\t\t\t\t\t\t<\/div>\n\t\t\t\t<\/div>\n\t\t\t\t\t<\/div>\n\t\t<\/div>\n\t\t\t\t\t<\/div>\n\t\t<\/section>\n\t\t\t\t<section class=\"elementor-section elementor-top-section elementor-element elementor-element-425b23ba elementor-section-boxed elementor-section-height-default elementor-section-height-default\" data-id=\"425b23ba\" data-element_type=\"section\">\n\t\t\t\t\t\t<div class=\"elementor-container elementor-column-gap-default\">\n\t\t\t\t\t<div class=\"elementor-column elementor-col-50 elementor-top-column elementor-element elementor-element-65c13c8e\" data-id=\"65c13c8e\" data-element_type=\"column\">\n\t\t\t<div class=\"elementor-widget-wrap elementor-element-populated\">\n\t\t\t\t\t\t<div class=\"elementor-element elementor-element-440a2a9c elementor-widget elementor-widget-heading\" data-id=\"440a2a9c\" data-element_type=\"widget\" data-widget_type=\"heading.default\">\n\t\t\t\t<div class=\"elementor-widget-container\">\n\t\t\t\t\t<h2 class=\"elementor-heading-title elementor-size-default\">Agences ACT <\/h2>\t\t\t\t<\/div>\n\t\t\t\t<\/div>\n\t\t\t\t<div class=\"elementor-element elementor-element-350db377 elementor-widget-divider--view-line elementor-invisible elementor-widget elementor-widget-divider\" data-id=\"350db377\" data-element_type=\"widget\" data-settings=\"{&quot;_animation&quot;:&quot;fadeInLeft&quot;}\" data-widget_type=\"divider.default\">\n\t\t\t\t<div class=\"elementor-widget-container\">\n\t\t\t\t\t\t\t<div class=\"elementor-divider\">\n\t\t\t<span class=\"elementor-divider-separator\">\n\t\t\t\t\t\t<\/span>\n\t\t<\/div>\n\t\t\t\t\t\t<\/div>\n\t\t\t\t<\/div>\n\t\t\t\t<div class=\"elementor-element elementor-element-3e1ffef5 elementor-widget elementor-widget-text-editor\" data-id=\"3e1ffef5\" data-element_type=\"widget\" data-widget_type=\"text-editor.default\">\n\t\t\t\t<div class=\"elementor-widget-container\">\n\t\t\t\t\t\t\t\t\t<p><b>ACT BRIVE <br \/><\/b>ZAC des Sielvas &#8211; avenue Edmond Michelet <br \/>19240 Varetz <br \/>Tel. : 05 55 88 38 84<\/p><p><b>ACT AURILLAC<br \/><\/b>14 avenue du Garric, Parc de tronqui\u00e8re<br \/>15000 Aurillac<br \/>Tel. : 04 71 64 58 29<\/p><p><b>ACT CAUSSADE<br \/><\/b>10 rue de la Solidarit\u00e9<br \/>82300 Caussade<br \/>Tel. : 05 65 93 78 51<\/p><p><b>ACT MILLAU<br \/><\/b>4 rue de la m\u00e9gisserie<br \/>12100 Millau<br \/>Tel. : 05 65 61 08 52<\/p><p><b>ACT MONTPELLIER\u00a0<br \/><\/b>4 rue de la fontaine <br \/>34740 Montpellier<br \/>Tel. : 04 34 22 71 21<\/p>\t\t\t\t\t\t\t\t<\/div>\n\t\t\t\t<\/div>\n\t\t\t\t\t<\/div>\n\t\t<\/div>\n\t\t\t\t<div class=\"elementor-column elementor-col-50 elementor-top-column elementor-element elementor-element-4a948483\" data-id=\"4a948483\" data-element_type=\"column\">\n\t\t\t<div class=\"elementor-widget-wrap elementor-element-populated\">\n\t\t\t\t\t\t<div class=\"elementor-element elementor-element-5acf3359 elementor-widget elementor-widget-image\" data-id=\"5acf3359\" data-element_type=\"widget\" data-widget_type=\"image.default\">\n\t\t\t\t<div class=\"elementor-widget-container\">\n\t\t\t\t\t\t\t\t\t\t\t\t\t\t\t\t<a href=\"https:\/\/www.encaissement-act.com\/wp-content\/uploads\/2022\/05\/carte_France_agences_ACT_encaissement.jpg\" data-elementor-open-lightbox=\"yes\" data-elementor-lightbox-title=\"carte_France_agences_ACT_encaissement\" data-e-action-hash=\"#elementor-action%3Aaction%3Dlightbox%26settings%3DeyJpZCI6MTIzNywidXJsIjoiaHR0cHM6XC9cL3d3dy5lbmNhaXNzZW1lbnQtYWN0LmNvbVwvd3AtY29udGVudFwvdXBsb2Fkc1wvMjAyMlwvMDVcL2NhcnRlX0ZyYW5jZV9hZ2VuY2VzX0FDVF9lbmNhaXNzZW1lbnQuanBnIn0%3D\">\n\t\t\t\t\t\t\t<img fetchpriority=\"high\" decoding=\"async\" width=\"1453\" height=\"1364\" src=\"https:\/\/www.encaissement-act.com\/wp-content\/uploads\/2022\/05\/carte_France_agences_ACT_encaissement.jpg\" class=\"attachment-full size-full wp-image-1237\" alt=\"\" srcset=\"https:\/\/www.encaissement-act.com\/wp-content\/uploads\/2022\/05\/carte_France_agences_ACT_encaissement.jpg 1453w, https:\/\/www.encaissement-act.com\/wp-content\/uploads\/2022\/05\/carte_France_agences_ACT_encaissement-300x282.jpg 300w, https:\/\/www.encaissement-act.com\/wp-content\/uploads\/2022\/05\/carte_France_agences_ACT_encaissement-1024x961.jpg 1024w, https:\/\/www.encaissement-act.com\/wp-content\/uploads\/2022\/05\/carte_France_agences_ACT_encaissement-768x721.jpg 768w\" sizes=\"(max-width: 1453px) 100vw, 1453px\" \/>\t\t\t\t\t\t\t\t<\/a>\n\t\t\t\t\t\t\t\t\t\t\t\t\t\t\t<\/div>\n\t\t\t\t<\/div>\n\t\t\t\t\t<\/div>\n\t\t<\/div>\n\t\t\t\t\t<\/div>\n\t\t<\/section>\n\t\t\t\t<section class=\"elementor-section elementor-top-section elementor-element elementor-element-ade13c7 elementor-section-boxed elementor-section-height-default elementor-section-height-default\" data-id=\"ade13c7\" data-element_type=\"section\">\n\t\t\t\t\t\t<div class=\"elementor-container elementor-column-gap-default\">\n\t\t\t\t\t<div class=\"elementor-column elementor-col-100 elementor-top-column elementor-element elementor-element-7dc76489\" data-id=\"7dc76489\" data-element_type=\"column\">\n\t\t\t<div class=\"elementor-widget-wrap\">\n\t\t\t\t\t\t\t<\/div>\n\t\t<\/div>\n\t\t\t\t\t<\/div>\n\t\t<\/section>\n\t\t\t\t<\/div>\n\t\t","protected":false},"excerpt":{"rendered":"<p>Nos Agences Rodez, Caussade, Brive, Aurillac, Millau et Montpellier Si\u00e8ge social ACT Encaissement265 avenue des Eb\u00e9nistes ZA Bel Air12000 RODEZT\u00e9l\u00e9phone : 05 65 42 21 13 \u2013 contact@encaissement-act.com Agences ACT ACT BRIVE ZAC des Sielvas &#8211; avenue Edmond Michelet 19240 Varetz Tel. : 05 55 88 38 84 ACT AURILLAC14 avenue du Garric, Parc de [&hellip;]<\/p>\n","protected":false},"author":1,"featured_media":0,"parent":0,"menu_order":0,"comment_status":"closed","ping_status":"closed","template":"","meta":{"_monsterinsights_skip_tracking":false,"_monsterinsights_sitenote_active":false,"_monsterinsights_sitenote_note":"","_monsterinsights_sitenote_category":0,"ocean_post_layout":"full-screen","ocean_both_sidebars_style":"","ocean_both_sidebars_content_width":0,"ocean_both_sidebars_sidebars_width":0,"ocean_sidebar":"0","ocean_second_sidebar":"0","ocean_disable_margins":"enable","ocean_add_body_class":"","ocean_shortcode_before_top_bar":"","ocean_shortcode_after_top_bar":"","ocean_shortcode_before_header":"","ocean_shortcode_after_header":"","ocean_has_shortcode":"","ocean_shortcode_after_title":"","ocean_shortcode_before_footer_widgets":"","ocean_shortcode_after_footer_widgets":"","ocean_shortcode_before_footer_bottom":"","ocean_shortcode_after_footer_bottom":"","ocean_display_top_bar":"default","ocean_display_header":"default","ocean_header_style":"","ocean_center_header_left_menu":"0","ocean_custom_header_template":"0","ocean_custom_logo":0,"ocean_custom_retina_logo":0,"ocean_custom_logo_max_width":0,"ocean_custom_logo_tablet_max_width":0,"ocean_custom_logo_mobile_max_width":0,"ocean_custom_logo_max_height":0,"ocean_custom_logo_tablet_max_height":0,"ocean_custom_logo_mobile_max_height":0,"ocean_header_custom_menu":"0","ocean_menu_typo_font_family":"0","ocean_menu_typo_font_subset":"","ocean_menu_typo_font_size":0,"ocean_menu_typo_font_size_tablet":0,"ocean_menu_typo_font_size_mobile":0,"ocean_menu_typo_font_size_unit":"px","ocean_menu_typo_font_weight":"","ocean_menu_typo_font_weight_tablet":"","ocean_menu_typo_font_weight_mobile":"","ocean_menu_typo_transform":"","ocean_menu_typo_transform_tablet":"","ocean_menu_typo_transform_mobile":"","ocean_menu_typo_line_height":0,"ocean_menu_typo_line_height_tablet":0,"ocean_menu_typo_line_height_mobile":0,"ocean_menu_typo_line_height_unit":"","ocean_menu_typo_spacing":0,"ocean_menu_typo_spacing_tablet":0,"ocean_menu_typo_spacing_mobile":0,"ocean_menu_typo_spacing_unit":"","ocean_menu_link_color":"","ocean_menu_link_color_hover":"","ocean_menu_link_color_active":"","ocean_menu_link_background":"","ocean_menu_link_hover_background":"","ocean_menu_link_active_background":"","ocean_menu_social_links_bg":"","ocean_menu_social_hover_links_bg":"","ocean_menu_social_links_color":"","ocean_menu_social_hover_links_color":"","ocean_disable_title":"on","ocean_disable_heading":"default","ocean_post_title":"","ocean_post_subheading":"","ocean_post_title_style":"","ocean_post_title_background_color":"","ocean_post_title_background":0,"ocean_post_title_bg_image_position":"","ocean_post_title_bg_image_attachment":"","ocean_post_title_bg_image_repeat":"","ocean_post_title_bg_image_size":"","ocean_post_title_height":0,"ocean_post_title_bg_overlay":0.5,"ocean_post_title_bg_overlay_color":"","ocean_disable_breadcrumbs":"default","ocean_breadcrumbs_color":"","ocean_breadcrumbs_separator_color":"","ocean_breadcrumbs_links_color":"","ocean_breadcrumbs_links_hover_color":"","ocean_display_footer_widgets":"default","ocean_display_footer_bottom":"default","ocean_custom_footer_template":"0","footnotes":""},"class_list":["post-162","page","type-page","status-publish","hentry","entry"],"yoast_head":"<!-- This site is optimized with the Yoast SEO plugin v24.3 - https:\/\/yoast.com\/wordpress\/plugins\/seo\/ -->\n<title>Nos Agences - ACT encaissement<\/title>\n<meta name=\"robots\" content=\"index, follow, max-snippet:-1, max-image-preview:large, max-video-preview:-1\" \/>\n<link rel=\"canonical\" href=\"https:\/\/www.encaissement-act.com\/index.php\/nos-agences\/\" \/>\n<meta property=\"og:locale\" content=\"fr_FR\" \/>\n<meta property=\"og:type\" content=\"article\" \/>\n<meta property=\"og:title\" content=\"Nos Agences - ACT encaissement\" \/>\n<meta property=\"og:description\" content=\"Nos Agences Rodez, Caussade, Brive, Aurillac, Millau et Montpellier Si\u00e8ge social ACT Encaissement265 avenue des Eb\u00e9nistes ZA Bel Air12000 RODEZT\u00e9l\u00e9phone : 05 65 42 21 13 \u2013 contact@encaissement-act.com Agences ACT ACT BRIVE ZAC des Sielvas &#8211; avenue Edmond Michelet 19240 Varetz Tel. : 05 55 88 38 84 ACT AURILLAC14 avenue du Garric, Parc de [&hellip;]\" \/>\n<meta property=\"og:url\" content=\"https:\/\/www.encaissement-act.com\/index.php\/nos-agences\/\" \/>\n<meta property=\"og:site_name\" content=\"ACT encaissement\" \/>\n<meta property=\"article:publisher\" content=\"https:\/\/www.facebook.com\/ACT12000\" \/>\n<meta property=\"article:modified_time\" content=\"2022-05-15T08:18:38+00:00\" \/>\n<meta property=\"og:image\" content=\"https:\/\/www.encaissement-act.com\/wp-content\/uploads\/2022\/05\/carte_France_agences_ACT_encaissement.jpg\" \/>\n<meta name=\"twitter:card\" content=\"summary_large_image\" \/>\n<script type=\"application\/ld+json\" class=\"yoast-schema-graph\">{\"@context\":\"https:\/\/schema.org\",\"@graph\":[{\"@type\":\"WebPage\",\"@id\":\"https:\/\/www.encaissement-act.com\/index.php\/nos-agences\/\",\"url\":\"https:\/\/www.encaissement-act.com\/index.php\/nos-agences\/\",\"name\":\"Nos Agences - ACT encaissement\",\"isPartOf\":{\"@id\":\"https:\/\/www.encaissement-act.com\/#website\"},\"primaryImageOfPage\":{\"@id\":\"https:\/\/www.encaissement-act.com\/index.php\/nos-agences\/#primaryimage\"},\"image\":{\"@id\":\"https:\/\/www.encaissement-act.com\/index.php\/nos-agences\/#primaryimage\"},\"thumbnailUrl\":\"https:\/\/www.encaissement-act.com\/wp-content\/uploads\/2022\/05\/carte_France_agences_ACT_encaissement.jpg\",\"datePublished\":\"2022-04-08T17:32:06+00:00\",\"dateModified\":\"2022-05-15T08:18:38+00:00\",\"breadcrumb\":{\"@id\":\"https:\/\/www.encaissement-act.com\/index.php\/nos-agences\/#breadcrumb\"},\"inLanguage\":\"fr-FR\",\"potentialAction\":[{\"@type\":\"ReadAction\",\"target\":[\"https:\/\/www.encaissement-act.com\/index.php\/nos-agences\/\"]}]},{\"@type\":\"ImageObject\",\"inLanguage\":\"fr-FR\",\"@id\":\"https:\/\/www.encaissement-act.com\/index.php\/nos-agences\/#primaryimage\",\"url\":\"https:\/\/www.encaissement-act.com\/wp-content\/uploads\/2022\/05\/carte_France_agences_ACT_encaissement.jpg\",\"contentUrl\":\"https:\/\/www.encaissement-act.com\/wp-content\/uploads\/2022\/05\/carte_France_agences_ACT_encaissement.jpg\",\"width\":1453,\"height\":1364},{\"@type\":\"BreadcrumbList\",\"@id\":\"https:\/\/www.encaissement-act.com\/index.php\/nos-agences\/#breadcrumb\",\"itemListElement\":[{\"@type\":\"ListItem\",\"position\":1,\"name\":\"Accueil\",\"item\":\"https:\/\/www.encaissement-act.com\/\"},{\"@type\":\"ListItem\",\"position\":2,\"name\":\"Nos Agences\"}]},{\"@type\":\"WebSite\",\"@id\":\"https:\/\/www.encaissement-act.com\/#website\",\"url\":\"https:\/\/www.encaissement-act.com\/\",\"name\":\"ACT encaissement\",\"description\":\"Le sp\u00e9cialiste de l&#039;encaissement\",\"publisher\":{\"@id\":\"https:\/\/www.encaissement-act.com\/#organization\"},\"potentialAction\":[{\"@type\":\"SearchAction\",\"target\":{\"@type\":\"EntryPoint\",\"urlTemplate\":\"https:\/\/www.encaissement-act.com\/?s={search_term_string}\"},\"query-input\":{\"@type\":\"PropertyValueSpecification\",\"valueRequired\":true,\"valueName\":\"search_term_string\"}}],\"inLanguage\":\"fr-FR\"},{\"@type\":\"Organization\",\"@id\":\"https:\/\/www.encaissement-act.com\/#organization\",\"name\":\"ACT encaissement\",\"url\":\"https:\/\/www.encaissement-act.com\/\",\"logo\":{\"@type\":\"ImageObject\",\"inLanguage\":\"fr-FR\",\"@id\":\"https:\/\/www.encaissement-act.com\/#\/schema\/logo\/image\/\",\"url\":\"https:\/\/www.encaissement-act.com\/wp-content\/uploads\/2022\/04\/logo_act_encaissementx2.png\",\"contentUrl\":\"https:\/\/www.encaissement-act.com\/wp-content\/uploads\/2022\/04\/logo_act_encaissementx2.png\",\"width\":1000,\"height\":501,\"caption\":\"ACT encaissement\"},\"image\":{\"@id\":\"https:\/\/www.encaissement-act.com\/#\/schema\/logo\/image\/\"},\"sameAs\":[\"https:\/\/www.facebook.com\/ACT12000\",\"https:\/\/www.instagram.com\/actpesage\/\",\"https:\/\/www.linkedin.com\/company\/28543556\/admin\/\"]}]}<\/script>\n<!-- \/ Yoast SEO plugin. -->","yoast_head_json":{"title":"Nos Agences - ACT encaissement","robots":{"index":"index","follow":"follow","max-snippet":"max-snippet:-1","max-image-preview":"max-image-preview:large","max-video-preview":"max-video-preview:-1"},"canonical":"https:\/\/www.encaissement-act.com\/index.php\/nos-agences\/","og_locale":"fr_FR","og_type":"article","og_title":"Nos Agences - ACT encaissement","og_description":"Nos Agences Rodez, Caussade, Brive, Aurillac, Millau et Montpellier Si\u00e8ge social ACT Encaissement265 avenue des Eb\u00e9nistes ZA Bel Air12000 RODEZT\u00e9l\u00e9phone : 05 65 42 21 13 \u2013 contact@encaissement-act.com Agences ACT ACT BRIVE ZAC des Sielvas &#8211; avenue Edmond Michelet 19240 Varetz Tel. : 05 55 88 38 84 ACT AURILLAC14 avenue du Garric, Parc de [&hellip;]","og_url":"https:\/\/www.encaissement-act.com\/index.php\/nos-agences\/","og_site_name":"ACT encaissement","article_publisher":"https:\/\/www.facebook.com\/ACT12000","article_modified_time":"2022-05-15T08:18:38+00:00","og_image":[{"url":"https:\/\/www.encaissement-act.com\/wp-content\/uploads\/2022\/05\/carte_France_agences_ACT_encaissement.jpg","type":"","width":"","height":""}],"twitter_card":"summary_large_image","schema":{"@context":"https:\/\/schema.org","@graph":[{"@type":"WebPage","@id":"https:\/\/www.encaissement-act.com\/index.php\/nos-agences\/","url":"https:\/\/www.encaissement-act.com\/index.php\/nos-agences\/","name":"Nos Agences - ACT encaissement","isPartOf":{"@id":"https:\/\/www.encaissement-act.com\/#website"},"primaryImageOfPage":{"@id":"https:\/\/www.encaissement-act.com\/index.php\/nos-agences\/#primaryimage"},"image":{"@id":"https:\/\/www.encaissement-act.com\/index.php\/nos-agences\/#primaryimage"},"thumbnailUrl":"https:\/\/www.encaissement-act.com\/wp-content\/uploads\/2022\/05\/carte_France_agences_ACT_encaissement.jpg","datePublished":"2022-04-08T17:32:06+00:00","dateModified":"2022-05-15T08:18:38+00:00","breadcrumb":{"@id":"https:\/\/www.encaissement-act.com\/index.php\/nos-agences\/#breadcrumb"},"inLanguage":"fr-FR","potentialAction":[{"@type":"ReadAction","target":["https:\/\/www.encaissement-act.com\/index.php\/nos-agences\/"]}]},{"@type":"ImageObject","inLanguage":"fr-FR","@id":"https:\/\/www.encaissement-act.com\/index.php\/nos-agences\/#primaryimage","url":"https:\/\/www.encaissement-act.com\/wp-content\/uploads\/2022\/05\/carte_France_agences_ACT_encaissement.jpg","contentUrl":"https:\/\/www.encaissement-act.com\/wp-content\/uploads\/2022\/05\/carte_France_agences_ACT_encaissement.jpg","width":1453,"height":1364},{"@type":"BreadcrumbList","@id":"https:\/\/www.encaissement-act.com\/index.php\/nos-agences\/#breadcrumb","itemListElement":[{"@type":"ListItem","position":1,"name":"Accueil","item":"https:\/\/www.encaissement-act.com\/"},{"@type":"ListItem","position":2,"name":"Nos Agences"}]},{"@type":"WebSite","@id":"https:\/\/www.encaissement-act.com\/#website","url":"https:\/\/www.encaissement-act.com\/","name":"ACT encaissement","description":"Le sp\u00e9cialiste de l&#039;encaissement","publisher":{"@id":"https:\/\/www.encaissement-act.com\/#organization"},"potentialAction":[{"@type":"SearchAction","target":{"@type":"EntryPoint","urlTemplate":"https:\/\/www.encaissement-act.com\/?s={search_term_string}"},"query-input":{"@type":"PropertyValueSpecification","valueRequired":true,"valueName":"search_term_string"}}],"inLanguage":"fr-FR"},{"@type":"Organization","@id":"https:\/\/www.encaissement-act.com\/#organization","name":"ACT encaissement","url":"https:\/\/www.encaissement-act.com\/","logo":{"@type":"ImageObject","inLanguage":"fr-FR","@id":"https:\/\/www.encaissement-act.com\/#\/schema\/logo\/image\/","url":"https:\/\/www.encaissement-act.com\/wp-content\/uploads\/2022\/04\/logo_act_encaissementx2.png","contentUrl":"https:\/\/www.encaissement-act.com\/wp-content\/uploads\/2022\/04\/logo_act_encaissementx2.png","width":1000,"height":501,"caption":"ACT encaissement"},"image":{"@id":"https:\/\/www.encaissement-act.com\/#\/schema\/logo\/image\/"},"sameAs":["https:\/\/www.facebook.com\/ACT12000","https:\/\/www.instagram.com\/actpesage\/","https:\/\/www.linkedin.com\/company\/28543556\/admin\/"]}]}},"_links":{"self":[{"href":"https:\/\/www.encaissement-act.com\/index.php\/wp-json\/wp\/v2\/pages\/162","targetHints":{"allow":["GET"]}}],"collection":[{"href":"https:\/\/www.encaissement-act.com\/index.php\/wp-json\/wp\/v2\/pages"}],"about":[{"href":"https:\/\/www.encaissement-act.com\/index.php\/wp-json\/wp\/v2\/types\/page"}],"author":[{"embeddable":true,"href":"https:\/\/www.encaissement-act.com\/index.php\/wp-json\/wp\/v2\/users\/1"}],"replies":[{"embeddable":true,"href":"https:\/\/www.encaissement-act.com\/index.php\/wp-json\/wp\/v2\/comments?post=162"}],"version-history":[{"count":20,"href":"https:\/\/www.encaissement-act.com\/index.php\/wp-json\/wp\/v2\/pages\/162\/revisions"}],"predecessor-version":[{"id":1608,"href":"https:\/\/www.encaissement-act.com\/index.php\/wp-json\/wp\/v2\/pages\/162\/revisions\/1608"}],"wp:attachment":[{"href":"https:\/\/www.encaissement-act.com\/index.php\/wp-json\/wp\/v2\/media?parent=162"}],"curies":[{"name":"wp","href":"https:\/\/api.w.org\/{rel}","templated":true}]}}